{"id":25869,"date":"2026-02-04T09:51:31","date_gmt":"2026-02-04T08:51:31","guid":{"rendered":"https:\/\/velafrica.ch\/legs\/"},"modified":"2026-02-18T13:49:36","modified_gmt":"2026-02-18T12:49:36","slug":"eredita","status":"publish","type":"page","link":"https:\/\/velafrica.ch\/it\/eredita\/","title":{"rendered":"Continuate ad agire per la sostenibilit\u00e0 oltre la vita con il vostro lascito"},"content":{"rendered":"\n<div class=\"wp-block-columns is-layout-flex wp-container-core-columns-is-layout-9d6595d7 wp-block-columns-is-layout-flex\">\n<div class=\"wp-block-column is-layout-flow wp-block-column-is-layout-flow\" style=\"flex-basis:100%\">\r\n\t\t<div  class=\"block-df84414d-0fcf-483f-954f-204f64a2fced col areoi-element\">\r\n\t\t\t\r\n\t\t\t\n\n<div class=\"wp-block-columns is-layout-flex wp-container-core-columns-is-layout-9d6595d7 wp-block-columns-is-layout-flex\">\n<div class=\"wp-block-column is-layout-flow wp-block-column-is-layout-flow\">\n<p>Con un testamento potete lasciare un segno anche in seguito alla vostra morte. <strong>Includendo Velafrica nel vostro testamento, sosterrete il nostro lavoro a lungo termine per una mobilit\u00e0 sostenibile e nuove prospettive in Svizzera come in Africa.<\/strong> <\/p>\n\n\n\n<p>Molti dei nostri progetti sono pensati sulla lunga durata. <strong>Le donazioni testamentarie ci consentono di portare avanti programmi efficaci pi\u00f9 a lungo, di avviare nuove iniziative e di pianificare il nostro lavoro con pi\u00f9 stabilit\u00e0.<\/strong> In questo modo contribuite a garantire che le biciclette donate creino nuove opportunit\u00e0 sul lungo termine in diversi ambiti, quali, l&#8217;istruzione, il lavoro e la mobilit\u00e0. <strong>Il tuo impegno ha un impatto laddove sono necessarie soluzioni a lungo termine, che durano per generazioni.<\/strong><\/p>\n<\/div>\n<\/div>\n\n \r\n\t\t\t\r\n\t\t<\/div>\r\n\t<\/div>\n<\/div>\n\n\n\r\n\t\t<div  class=\"block-41efcd01-7d1b-4f7f-aefd-85a875d8b053 areoi-element orange-border shadow\">\r\n\t\t\t\r\n\t\t\t\n\r\n\t\t<div  class=\"block-090769c1-9ec0-41ef-8d97-fd2748af9ebf row areoi-element justify-content-center\">\r\n\t\t\t\r\n\r\n\t\t\t\n\r\n\t\t<div  class=\"block-a8800fff-7e94-4d10-b393-22260cc7fe1e col areoi-element\">\r\n\t\t\t\r\n\t\t\t\n\n<h2 class=\"wp-block-heading\"><strong>Come devo procedere?<\/strong><\/h2>\n\n \r\n\t\t\t\r\n\t\t<\/div>\r\n\t\n \r\n\t\t<\/div>\r\n\t\n\n\r\n\t\t<div  class=\"block-d744b1c3-5b74-49d4-8820-bc54e09c7a4c row areoi-element justify-content-center\">\r\n\t\t\t\r\n\r\n\t\t\t\n\r\n\t\t<div  class=\"block-f3816cd0-a138-4e67-b818-71d79bd36d6e col areoi-element align-self-start col-12 col-md-1\">\r\n\t\t\t\r\n\t\t\t\n\n<div class=\"wp-block-areoi-icon areoi-icon text-start text-md-start\"><i class=\"text-primary bi-1-circle-fill \" style=\"font-size:36px\"><\/i><\/div>\n\n \r\n\t\t\t\r\n\t\t<\/div>\r\n\t\n\n\r\n\t\t<div  class=\"block-8a45f4c7-d547-486d-afb4-1c87754f3ada col areoi-element\">\r\n\t\t\t\r\n\t\t\t\n\n<p>Create un <a href=\"https:\/\/app.deinadieu.ch\/testament\/step\/0\" target=\"_blank\" rel=\"noreferrer noopener\">modello di testamento gratuito<\/a> tramite il nostro partner sul sito \u00abdein Adieu\u00bb. Qui \u00e8 anche possibile calcolare le proporzioni legittime.<\/p>\n\n \r\n\t\t\t\r\n\t\t<\/div>\r\n\t\n \r\n\t\t<\/div>\r\n\t\n\n\r\n\t\t<div  class=\"block-d98e6eb1-1f05-4481-9e38-80caa93e047c row areoi-element justify-content-center\">\r\n\t\t\t\r\n\r\n\t\t\t\n\r\n\t\t<div  class=\"block-49d9a0aa-b4fd-40f9-92a3-01054016dc74 col areoi-element align-self-start col-12 col-md-1\">\r\n\t\t\t\r\n\t\t\t\n\n<div class=\"wp-block-areoi-icon areoi-icon text-start text-md-start\"><i class=\"text-primary bi-2-circle-fill \" style=\"font-size:36px\"><\/i><\/div>\n\n \r\n\t\t\t\r\n\t\t<\/div>\r\n\t\n\n\r\n\t\t<div  class=\"block-681f3e50-19ac-4b91-b2d7-98391eb15c32 col areoi-element\">\r\n\t\t\t\r\n\t\t\t\n\n<p>Ricopiate a mano il modello di testamento e aggiungete la data e la firma.<\/p>\n\n \r\n\t\t\t\r\n\t\t<\/div>\r\n\t\n \r\n\t\t<\/div>\r\n\t\n\n\r\n\t\t<div  class=\"block-09de0c9b-89d7-457c-b9ab-87e4b493e11a row areoi-element justify-content-center\">\r\n\t\t\t\r\n\r\n\t\t\t\n\r\n\t\t<div  class=\"block-595bfbc6-b69e-4701-ad5c-bc230f7b31c3 col areoi-element align-self-start col-12 col-md-1\">\r\n\t\t\t\r\n\t\t\t\n\n<div class=\"wp-block-areoi-icon areoi-icon text-start text-md-start\"><i class=\"text-primary bi-3-circle-fill \" style=\"font-size:36px\"><\/i><\/div>\n\n \r\n\t\t\t\r\n\t\t<\/div>\r\n\t\n\n\r\n\t\t<div  class=\"block-f467fd1c-ea7a-4dc8-9fee-240cf7a5956d col areoi-element\">\r\n\t\t\t\r\n\t\t\t\n\n<p>Consegnate il documento, preferibilmente presso un ufficio competente.<\/p>\n\n \r\n\t\t\t\r\n\t\t<\/div>\r\n\t\n \r\n\t\t<\/div>\r\n\t\n\n\r\n\t\t<div  class=\"block-4dde70be-4f0b-445a-9bdb-e5a2261170bb row areoi-element justify-content-center\">\r\n\t\t\t\r\n\r\n\t\t\t\n\r\n\t\t<div  class=\"block-ad58ba51-3c84-4f2d-850b-4c772e298dd5 col areoi-element align-self-start col-12 col-md-1\">\r\n\t\t\t\r\n\t\t\t\n\n<div class=\"wp-block-areoi-icon areoi-icon text-start text-md-start\"><i class=\"text-primary bi-4-circle-fill \" style=\"font-size:36px\"><\/i><\/div>\n\n \r\n\t\t\t\r\n\t\t<\/div>\r\n\t\n\n\r\n\t\t<div  class=\"block-4700b574-8148-46a9-ae38-4057d95ea3d7 col areoi-element\">\r\n\t\t\t\r\n\t\t\t\n\n<p>Se lo desiderate, informate l&#8217;organizzazione benefica che avete scelto.<\/p>\n\n \r\n\t\t\t\r\n\t\t<\/div>\r\n\t\n \r\n\t\t<\/div>\r\n\t\n\n\n<p>Nel vostro testamento potete includere Velafrica in diversi modi:<br>Con un <strong>legato<\/strong> stabilite che Velafrica riceva una somma fissa di denaro o un determinato bene patrimoniale. Con un&#8217;<strong>eredit\u00e0<\/strong> stabilite che Velafrica riceva una percentuale della quota liberamente disponibile del vostro patrimonio. Maggiori informazioni al riguardo sono disponibili nel modello di testamento riportato di seguito.<\/p>\n\n\n\r\n\t\t<div  class=\"block-8fd0ab5b-3901-465d-9e11-043b914f7d3b row areoi-element\">\r\n\t\t\t\r\n\r\n\t\t\t\n\r\n\t\t<div  class=\"block-41120e09-c9d0-4ee7-b8eb-787eed368289 col areoi-element\">\r\n\t\t\t\r\n\t\t\t\n\r\n\t\t\t\t\r\n\t\t<a \r\n\t\t\t\r\n\t\t\tclass=\"block-c293b9b0-003c-4483-8442-43b609177736 btn areoi-has-url position-relative link_abholaktion btn-primary btn-lg  d-block d-sm-block d-md-block d-lg-block d-xl-block d-xxl-block\"\r\n\t href=\"https:\/\/app.deinadieu.ch\/testament\/step\/0\" rel=\"noreferrer noopener\" target=\"_blank\" >\r\n\t\t\t\t\t\r\n\t\t\t\t\t<strong>Cliccate qui per creare il modello di testamento<\/strong> \r\n\t\t\t\t\t\r\n\t\t\t\t\t \r\n\t\t\t\t<\/a>\r\n\t\t\t\n \r\n\t\t\t\r\n\t\t<\/div>\r\n\t\n \r\n\t\t<\/div>\r\n\t\n\n\n<div style=\"height:30px\" aria-hidden=\"true\" class=\"wp-block-spacer\"><\/div>\n\n\n\n<div class=\"wp-block-columns is-layout-flex wp-container-core-columns-is-layout-9d6595d7 wp-block-columns-is-layout-flex\">\n<div class=\"wp-block-column is-layout-flow wp-block-column-is-layout-flow\"><\/div>\n\n\n\n<div class=\"wp-block-column is-layout-flow wp-block-column-is-layout-flow\">\n<figure class=\"wp-block-image size-full\"><img loading=\"lazy\" decoding=\"async\" width=\"750\" height=\"160\" src=\"https:\/\/velafrica.ch\/wp-content\/uploads\/2026\/02\/ZEWO_Logo_Claim_I_4c.png\" alt=\"\" class=\"wp-image-25872\" srcset=\"https:\/\/velafrica.ch\/wp-content\/uploads\/2026\/02\/ZEWO_Logo_Claim_I_4c.png 750w, https:\/\/velafrica.ch\/wp-content\/uploads\/2026\/02\/ZEWO_Logo_Claim_I_4c-600x128.png 600w, https:\/\/velafrica.ch\/wp-content\/uploads\/2026\/02\/ZEWO_Logo_Claim_I_4c-300x64.png 300w\" sizes=\"auto, (max-width: 750px) 100vw, 750px\" \/><\/figure>\n<\/div>\n\n\n\n<div class=\"wp-block-column is-layout-flow wp-block-column-is-layout-flow\"><\/div>\n<\/div>\n\n\r\n\t\t\t \r\n\t\t<\/div>\r\n\t\n\n\n<div style=\"height:50px\" aria-hidden=\"true\" class=\"wp-block-spacer\"><\/div>\n\n\n\r\n\t\t<div  class=\"block-44ed3598-c161-4304-9b12-04726ca16727 row areoi-element abgerundete-ecken-row align-items-center justify-content-center\">\r\n\t\t\t\r\n\r\n\t\t\t\n\r\n\t\t<div  class=\"block-07b234ff-f30e-4016-be14-bfaab92ad06d col areoi-element align-self-center align-self-md-center col-12 col-md-4\">\r\n\t\t\t\r\n\t\t<div class=\"areoi-background  \">\r\n\t\t\t<div class=\"container-fluid\" style=\"padding: 0;\">\r\n\t\t\t\t<div class=\"row justify-content-start\">\r\n\t\t\t\t\t<div class=\"col \">\r\n\t\t\t            <div class=\"areoi-background__color\" \r\n\t                        \tstyle=\"background: rgba(239, 109, 35,0.09)\">\r\n\t                        <\/div>\r\n\r\n\t                    \r\n\r\n\t                    \r\n\r\n\t                    \r\n\t    \t\t\t<\/div>\r\n\t    \t\t<\/div>\r\n\t    \t<\/div>\r\n\t    <\/div>\r\n\t\r\n\t\t\t\n\n<figure class=\"wp-block-image alignwide size-full is-style-rounded\"><img loading=\"lazy\" decoding=\"async\" width=\"800\" height=\"800\" src=\"https:\/\/velafrica.ch\/wp-content\/uploads\/2022\/01\/Michelle_1.jpg\" alt=\"\" class=\"wp-image-10216\" srcset=\"https:\/\/velafrica.ch\/wp-content\/uploads\/2022\/01\/Michelle_1.jpg 800w, https:\/\/velafrica.ch\/wp-content\/uploads\/2022\/01\/Michelle_1-300x300.jpg 300w, https:\/\/velafrica.ch\/wp-content\/uploads\/2022\/01\/Michelle_1-768x768.jpg 768w\" sizes=\"auto, (max-width: 800px) 100vw, 800px\" \/><\/figure>\n\n \r\n\t\t\t\r\n\t\t<\/div>\r\n\t\n\n\r\n\t\t<div  class=\"block-19d376a3-3193-4fb7-bd94-4388633cd869 col areoi-element align-self-center\">\r\n\t\t\t\r\n\t\t<div class=\"areoi-background  \">\r\n\t\t\t<div class=\"container-fluid\" style=\"padding: 0;\">\r\n\t\t\t\t<div class=\"row justify-content-start\">\r\n\t\t\t\t\t<div class=\"col \">\r\n\t\t\t            <div class=\"areoi-background__color\" \r\n\t                        \tstyle=\"background: rgba(239, 109, 35,0.09)\">\r\n\t                        <\/div>\r\n\r\n\t                    \r\n\r\n\t                    \r\n\r\n\t                    \r\n\t    \t\t\t<\/div>\r\n\t    \t\t<\/div>\r\n\t    \t<\/div>\r\n\t    <\/div>\r\n\t\r\n\t\t\t\n\n<p class=\"has-text-align-left\"><strong>Michelle Baumann<\/strong><br>Referente per i lasciti<br><br><a href=\"mailto:michelle.baumann@velafrica.ch\" data-type=\"mailto\" data-id=\"mailto:michelle.baumann@velafrica.ch\">michelle.baumann@velafrica.ch<\/a><br>+41 31 529 38 82<br><br>Sono a vostra disposizione per una consulenza personalizzata.<\/p>\n\n \r\n\t\t\t\r\n\t\t<\/div>\r\n\t\n \r\n\t\t<\/div>\r\n\t\n\n\n<p><\/p>\n","protected":false},"excerpt":{"rendered":"<p> [&#8230;]<\/p>\n<p><a class=\"btn btn-secondary understrap-read-more-link\" href=\"https:\/\/velafrica.ch\/it\/eredita\/\">Leggi di pi\u00f9&#8230;<span class=\"screen-reader-text\"> from Continuate ad agire per la sostenibilit\u00e0 oltre la vita con il vostro lascito<\/span><\/a><\/p>\n","protected":false},"author":27,"featured_media":25870,"parent":0,"menu_order":0,"comment_status":"closed","ping_status":"closed","template":"","meta":{"_acf_changed":false,"footnotes":""},"class_list":["post-25869","page","type-page","status-publish","has-post-thumbnail","hentry"],"acf":[],"_links":{"self":[{"href":"https:\/\/velafrica.ch\/it\/wp-json\/wp\/v2\/pages\/25869","targetHints":{"allow":["GET"]}}],"collection":[{"href":"https:\/\/velafrica.ch\/it\/wp-json\/wp\/v2\/pages"}],"about":[{"href":"https:\/\/velafrica.ch\/it\/wp-json\/wp\/v2\/types\/page"}],"author":[{"embeddable":true,"href":"https:\/\/velafrica.ch\/it\/wp-json\/wp\/v2\/users\/27"}],"replies":[{"embeddable":true,"href":"https:\/\/velafrica.ch\/it\/wp-json\/wp\/v2\/comments?post=25869"}],"version-history":[{"count":1,"href":"https:\/\/velafrica.ch\/it\/wp-json\/wp\/v2\/pages\/25869\/revisions"}],"predecessor-version":[{"id":25876,"href":"https:\/\/velafrica.ch\/it\/wp-json\/wp\/v2\/pages\/25869\/revisions\/25876"}],"wp:featuredmedia":[{"embeddable":true,"href":"https:\/\/velafrica.ch\/it\/wp-json\/wp\/v2\/media\/25870"}],"wp:attachment":[{"href":"https:\/\/velafrica.ch\/it\/wp-json\/wp\/v2\/media?parent=25869"}],"curies":[{"name":"wp","href":"https:\/\/api.w.org\/{rel}","templated":true}]}}