{"id":8676,"date":"2021-04-24T17:09:56","date_gmt":"2021-04-24T15:09:56","guid":{"rendered":"https:\/\/velafrica.ch\/comment-nous-aider\/jedes-velo-zaehlt\/"},"modified":"2021-06-17T12:16:46","modified_gmt":"2021-06-17T10:16:46","slug":"velosducoeur","status":"publish","type":"page","link":"https:\/\/velafrica.ch\/fr\/comment-nous-aider\/velosducoeur\/","title":{"rendered":"Les v\u00e9los du c\u0153ur!"},"content":{"rendered":"\n<h2 class=\"wp-block-heading\">3000 v\u00e9los pour \u00abBike to School\u00bb<\/h2>\n\n\n\n<p>Le v\u00e9lo est et reste le moyen de transport du moment. Non seulement en Suisse, mais aussi en Afrique, les v\u00e9los aident les gens \u00e0 se d\u00e9placer en toute sant\u00e9, en s\u00e9curit\u00e9 et rapidement dans la vie quotidienne.<\/p>\n\n\n\n<p><strong>Le revers de la m\u00e9daille du boom du v\u00e9lo? La forte hausse de la demande de v\u00e9los se traduit par des entrep\u00f4ts vides chez Velafrica.<\/strong> C&rsquo;est pourquoi nous appelons \u00e0 l&rsquo;action: enregistrez, d\u00e8s maintenant, la donation de votre v\u00e9lo et aidez-nous \u00e0 collecter 3000 v\u00e9los pour notre programme \u00abBike to School\u00bb avec la campagne \u00abLes v\u00e9los du c\u0153ur!\u00bb<\/p>\n\n\n\n<div class=\"wp-block-columns is-layout-flex wp-container-core-columns-is-layout-9d6595d7 wp-block-columns-is-layout-flex\">\n<div class=\"wp-block-column is-layout-flow wp-block-column-is-layout-flow\" style=\"flex-basis:33.33%\">\n<figure class=\"wp-block-image size-large\"><img loading=\"lazy\" decoding=\"async\" width=\"1024\" height=\"1024\" src=\"https:\/\/velafrica.ch\/wp-content\/uploads\/2021\/05\/marlen-reusser_rund-1024x1024.png\" alt=\"\" class=\"wp-image-8705\" srcset=\"https:\/\/velafrica.ch\/wp-content\/uploads\/2021\/05\/marlen-reusser_rund-1024x1024.png 1024w, https:\/\/velafrica.ch\/wp-content\/uploads\/2021\/05\/marlen-reusser_rund-300x300.png 300w, https:\/\/velafrica.ch\/wp-content\/uploads\/2021\/05\/marlen-reusser_rund-768x768.png 768w, https:\/\/velafrica.ch\/wp-content\/uploads\/2021\/05\/marlen-reusser_rund-600x600.png 600w, https:\/\/velafrica.ch\/wp-content\/uploads\/2021\/05\/marlen-reusser_rund-100x100.png 100w, https:\/\/velafrica.ch\/wp-content\/uploads\/2021\/05\/marlen-reusser_rund.png 1351w\" sizes=\"auto, (max-width: 1024px) 100vw, 1024px\" \/><\/figure>\n<\/div>\n\n\n\n<div class=\"wp-block-column is-layout-flow wp-block-column-is-layout-flow\" style=\"flex-basis:66.66%\">\n<p>La vice-championne du monde Marlen Reusser soutient \u00abLes v\u00e9los du c\u0153ur!\u00bb en tant qu&rsquo;ambassadrice: <\/p>\n\n\n\n<p>\u00abEn tant que cycliste, je ne peux pas imaginer ma vie sans v\u00e9lo.&nbsp;La situation est tr\u00e8s diff\u00e9rente pour de nombreux jeunes en Afrique, o\u00f9 les v\u00e9los sont une raret\u00e9. Pour changer cela, je soutiens la campagne \u00abLes velos du c\u0153ur\u00bb de Velafrica. <strong>Les v\u00e9los peuvent changer des vies. Il est donc d&rsquo;autant plus agr\u00e9able de pouvoir contribuer \u00e0 enrichir la vie de jeunes Africaines par le simple don d&rsquo;un v\u00e9lo inutilis\u00e9.\u00bb<\/strong><\/p>\n<\/div>\n<\/div>\n\n\n\n<h2 class=\"wp-block-heading\">Voil\u00e0 comment \u00e7a marche<\/h2>\n\n\n\n<ol class=\"wp-block-list\"><li>Vous pouvez d\u00e9poser votre v\u00e9lo dans l\u2019un de nos quelque 400 points de collecte. Saisissez la <strong>ville ou le code postal souhait\u00e9 <\/strong>dans la carte ci-dessous pour trouver le point de collecte le plus proche de chez vous.<\/li><li><strong>Enregistrez vos v\u00e9los \u00e0 donner<\/strong> au moyen de la fen\u00eatre pop-up. Nous vous enverrons un bon de transport pour vos v\u00e9los.<\/li><li>Les v\u00e9los que vous avez donn\u00e9s vont entrer dans le r\u00e9seau Velafrica via nos partenaires de collecte, de transport et de traitement.<strong> Ils sont contr\u00f4l\u00e9s, r\u00e9par\u00e9s si n\u00e9cessaire, puis pr\u00e9par\u00e9s pour l\u2019exportation dans un conteneur.<\/strong><\/li><li>Nous exp\u00e9dions votre v\u00e9lo au Madagascar, en Afrique du Sud ou en Tanzanie, o\u00f9 il permettra aux \u00e9l\u00e8vees de se rendre \u00e0 l\u2019\u00e9cole plus rapidement et en toute s\u00e9curit\u00e9.<\/li><\/ol>\n\n\n\n<iframe loading=\"lazy\" src=\"https:\/\/velafrica.ch\/sammelstellenapp-2\" width=\"100%\" height=\"420\"><\/iframe>\n\n\n\n<h2 class=\"wp-block-heading\">Passez le mot \u00e0 propos de \u00abV\u00e9los du c\u0153ur!\u00bb<\/h2>\n\n\n\n<p>Vous pouvez nous aider \u00e0 mobiliser d\u2019autres personnes en faveur de cette campagne\u2009? <strong>Merci beaucoup\u2009!<\/strong><\/p>\n\n\n\n<ul class=\"wp-block-list\"><li><strong>Envoyer le <a href=\"https:\/\/velafrica.ch\/velosducoeur\">lien<\/a> vers la campagne <\/strong>\u00e0 vos amis et connaissances.<\/li><li><strong>Imprimez notre <a rel=\"noreferrer noopener\" href=\"https:\/\/velafrica.ch\/wp-content\/uploads\/2021\/05\/Plakat_JVZ_franzoesisch.pdf\" target=\"_blank\">affiche de campagne<\/a><\/strong> et accrochez-la dans votre cage d&rsquo;escalier, sur votre lieu de travail ou dans votre clubhouse.<\/li><li><strong>Publiez une photo <\/strong>de vous avec le v\u00e9lo que vous allez donner sur Facebook, LinkedIn ou Instagram et utilisez l\u2019hashtag #lesvelosduc\u0153ur.<\/li><li><strong>Placez une <a href=\"\/fr\/a-propos-de-nous\/medias\/\">annonce<\/a><\/strong><a href=\"\/fr\/a-propos-de-nous\/medias\/\"> <strong>gratuites<\/strong><\/a> dans votre magazine.<\/li><\/ul>\n\n\n\n<h2 class=\"wp-block-heading\">Contribuez financi\u00e8rement<\/h2>\n\n\n\n<div class=\"wp-block-columns is-layout-flex wp-container-core-columns-is-layout-9d6595d7 wp-block-columns-is-layout-flex\">\n<div class=\"wp-block-column is-layout-flow wp-block-column-is-layout-flow\" style=\"flex-basis:33.33%\">\n<figure class=\"wp-block-image size-large\"><img loading=\"lazy\" decoding=\"async\" width=\"566\" height=\"283\" src=\"https:\/\/velafrica.ch\/wp-content\/uploads\/2020\/10\/PICTO-WEB-01-VeloCOR.svg\" alt=\"\" class=\"wp-image-5674\"\/><\/figure>\n<\/div>\n\n\n\n<div class=\"wp-block-column is-layout-flow wp-block-column-is-layout-flow\" style=\"flex-basis:66.66%\">\n<p><strong>Vous n\u2019avez pas un v\u00e9lo \u00e0 donner, mais vous souhaitez nous soutenir financi\u00e8rement?<\/strong> Par exemple, avec 75 francs, vous rendez possible la r\u00e9paration et l\u2019exportation d\u2019un v\u00e9lo. M\u00e9rci beaucoup!<\/p>\n\n\n\n<div class=\"wp-block-buttons is-layout-flex wp-block-buttons-is-layout-flex\">\n<div class=\"wp-block-button is-style-outline is-style-outline--1\"><a class=\"wp-block-button__link has-text-color\" href=\"\/fr\/comment-nous-aider\/dons-en-argent\/\" style=\"color:#ea561d\" target=\"_blank\" rel=\"noreferrer noopener\">Soutenez Velafrica par un don<\/a><\/div>\n<\/div>\n<\/div>\n<\/div>\n","protected":false},"excerpt":{"rendered":"<p>3000 v\u00e9los pour \u00abBike to School\u00bb Le v\u00e9lo est et reste le moyen de transport du moment. Non seulement en [&#8230;]<\/p>\n<p><a class=\"btn btn-secondary understrap-read-more-link\" href=\"https:\/\/velafrica.ch\/fr\/comment-nous-aider\/velosducoeur\/\">Lire la suite\u2026<span class=\"screen-reader-text\"> from Les v\u00e9los du c\u0153ur!<\/span><\/a><\/p>\n","protected":false},"author":26,"featured_media":5742,"parent":5857,"menu_order":10,"comment_status":"closed","ping_status":"closed","template":"","meta":{"_acf_changed":false,"footnotes":""},"class_list":["post-8676","page","type-page","status-publish","has-post-thumbnail","hentry"],"acf":[],"_links":{"self":[{"href":"https:\/\/velafrica.ch\/fr\/wp-json\/wp\/v2\/pages\/8676","targetHints":{"allow":["GET"]}}],"collection":[{"href":"https:\/\/velafrica.ch\/fr\/wp-json\/wp\/v2\/pages"}],"about":[{"href":"https:\/\/velafrica.ch\/fr\/wp-json\/wp\/v2\/types\/page"}],"author":[{"embeddable":true,"href":"https:\/\/velafrica.ch\/fr\/wp-json\/wp\/v2\/users\/26"}],"replies":[{"embeddable":true,"href":"https:\/\/velafrica.ch\/fr\/wp-json\/wp\/v2\/comments?post=8676"}],"version-history":[{"count":13,"href":"https:\/\/velafrica.ch\/fr\/wp-json\/wp\/v2\/pages\/8676\/revisions"}],"predecessor-version":[{"id":9324,"href":"https:\/\/velafrica.ch\/fr\/wp-json\/wp\/v2\/pages\/8676\/revisions\/9324"}],"up":[{"embeddable":true,"href":"https:\/\/velafrica.ch\/fr\/wp-json\/wp\/v2\/pages\/5857"}],"wp:featuredmedia":[{"embeddable":true,"href":"https:\/\/velafrica.ch\/fr\/wp-json\/wp\/v2\/media\/5742"}],"wp:attachment":[{"href":"https:\/\/velafrica.ch\/fr\/wp-json\/wp\/v2\/media?parent=8676"}],"curies":[{"name":"wp","href":"https:\/\/api.w.org\/{rel}","templated":true}]}}