{"id":6978,"date":"2020-10-08T11:26:21","date_gmt":"2020-10-08T09:26:21","guid":{"rendered":"https:\/\/velafrica.ch\/a-propos-de-nous\/kontakt\/"},"modified":"2020-12-06T01:16:39","modified_gmt":"2020-12-06T00:16:39","slug":"contact","status":"publish","type":"page","link":"https:\/\/velafrica.ch\/fr\/a-propos-de-nous\/contact\/","title":{"rendered":"Contact"},"content":{"rendered":"\n<h4 class=\"wp-block-heading\">Adresse<\/h4>\n\n\n\n<p><strong>Velafrica \u2013 Mobilit\u00e4t mit Perspektiven<\/strong><br>Waldeggstrasse 27<br>3097 Liebefeld<br><a href=\"tel:+41319797050\">031 979 70 50<\/a> Remarque: notre centrale t\u00e9l\u00e9phonique est supervis\u00e9e par les participants et les stagiaires de&nbsp;<a href=\"https:\/\/drahtesel.ch\/\">Drahtesel<\/a>.<br><a href=\"mailto:info@velafrica.ch\">info@velafrica.ch<\/a><\/p>\n\n\n\n<h4 class=\"wp-block-heading\">Comment venir nous voir<\/h4>\n\n\n\n<p>De la gare de Berne, prendre le bus n\u00b0 10 en direction de K\u00f6niz Schliern, descendre \u00e0 l&rsquo;arr\u00eat Hessstrasse<br>De la gare de Berne, S-Bahn No. 6 en direction de Schwarzenburg, jusqu&rsquo;\u00e0 la station de Liebefeld<br>Depuis l&rsquo;autoroute A12 en direction de Fribourg, prendre la sortie Bern-B\u00fcmpliz<\/p>\n\n\n\n<h4 class=\"wp-block-heading\">Plan des couches<\/h4>\n\n\n\n<iframe loading=\"lazy\" src=\"https:\/\/www.google.com\/maps\/embed?pb=!1m18!1m12!1m3!1d2724.4567490774893!2d7.417800151728308!3d46.93306147904329!2m3!1f0!2f0!3f0!3m2!1i1024!2i768!4f13.1!3m3!1m2!1s0x478e38548316e37f%3A0x779c539d3fda621a!2sWaldeggstrasse%2027%2C%203097%20Liebefeld%2C%20Schweiz!5e0!3m2!1sde!2scz!4v1576332855170!5m2!1sde!2scz\" style=\"border:0;\" allowfullscreen=\"\" width=\"600\" height=\"450\" frameborder=\"0\"><\/iframe>\n","protected":false},"excerpt":{"rendered":"<p>Adresse Velafrica \u2013 Mobilit\u00e4t mit PerspektivenWaldeggstrasse 273097 Liebefeld031 979 70 50 Remarque: notre centrale t\u00e9l\u00e9phonique est supervis\u00e9e par les participants [&#8230;]<\/p>\n<p><a class=\"btn btn-secondary understrap-read-more-link\" href=\"https:\/\/velafrica.ch\/fr\/a-propos-de-nous\/contact\/\">Lire la suite\u2026<span class=\"screen-reader-text\"> from Contact<\/span><\/a><\/p>\n","protected":false},"author":26,"featured_media":5670,"parent":6169,"menu_order":37,"comment_status":"closed","ping_status":"closed","template":"","meta":{"_acf_changed":false,"footnotes":""},"class_list":["post-6978","page","type-page","status-publish","has-post-thumbnail","hentry"],"acf":[],"_links":{"self":[{"href":"https:\/\/velafrica.ch\/fr\/wp-json\/wp\/v2\/pages\/6978","targetHints":{"allow":["GET"]}}],"collection":[{"href":"https:\/\/velafrica.ch\/fr\/wp-json\/wp\/v2\/pages"}],"about":[{"href":"https:\/\/velafrica.ch\/fr\/wp-json\/wp\/v2\/types\/page"}],"author":[{"embeddable":true,"href":"https:\/\/velafrica.ch\/fr\/wp-json\/wp\/v2\/users\/26"}],"replies":[{"embeddable":true,"href":"https:\/\/velafrica.ch\/fr\/wp-json\/wp\/v2\/comments?post=6978"}],"version-history":[{"count":2,"href":"https:\/\/velafrica.ch\/fr\/wp-json\/wp\/v2\/pages\/6978\/revisions"}],"predecessor-version":[{"id":7010,"href":"https:\/\/velafrica.ch\/fr\/wp-json\/wp\/v2\/pages\/6978\/revisions\/7010"}],"up":[{"embeddable":true,"href":"https:\/\/velafrica.ch\/fr\/wp-json\/wp\/v2\/pages\/6169"}],"wp:featuredmedia":[{"embeddable":true,"href":"https:\/\/velafrica.ch\/fr\/wp-json\/wp\/v2\/media\/5670"}],"wp:attachment":[{"href":"https:\/\/velafrica.ch\/fr\/wp-json\/wp\/v2\/media?parent=6978"}],"curies":[{"name":"wp","href":"https:\/\/api.w.org\/{rel}","templated":true}]}}