{"id":25861,"date":"2026-02-04T09:51:31","date_gmt":"2026-02-04T08:51:31","guid":{"rendered":"https:\/\/velafrica.ch\/legacy\/"},"modified":"2026-02-18T11:57:07","modified_gmt":"2026-02-18T10:57:07","slug":"legs","status":"publish","type":"page","link":"https:\/\/velafrica.ch\/fr\/legs\/","title":{"rendered":"Ayez un impact durable au-del\u00e0 de votre vie gr\u00e2ce \u00e0 votre legs"},"content":{"rendered":"\n<div class=\"wp-block-columns is-layout-flex wp-container-core-columns-is-layout-9d6595d7 wp-block-columns-is-layout-flex\">\n<div class=\"wp-block-column is-layout-flow wp-block-column-is-layout-flow\" style=\"flex-basis:100%\">\r\n\t\t<div  class=\"block-df84414d-0fcf-483f-954f-204f64a2fced col areoi-element\">\r\n\t\t\t\r\n\t\t\t\n\n<div class=\"wp-block-columns is-layout-flex wp-container-core-columns-is-layout-9d6595d7 wp-block-columns-is-layout-flex\">\n<div class=\"wp-block-column is-layout-flow wp-block-column-is-layout-flow\">\n<p>Un testament vous permet d&rsquo;avoir un impact au-del\u00e0 de votre propre vie. <strong>En incluant Velafrica dans votre testament, vous soutenez notre action \u00e0 long terme en faveur d&rsquo;une mobilit\u00e9 durable et de perspectives d&rsquo;avenir en Suisse et en Afrique. <\/strong><\/p>\n\n\n\n<p>Bon nombre de nos projets s&rsquo;inscrivent dans la dur\u00e9e. <strong>Les legs et donations testamentaires nous permettent de poursuivre plus longtemps des programmes d\u00e9j\u00e0 efficaces, de d\u00e9velopper de nouvelles initiatives et de planifier notre travail avec stabilit\u00e9.<\/strong> Vous contribuez ainsi \u00e0 ce que les v\u00e9los donn\u00e9s cr\u00e9ent des opportunit\u00e9s \u00e0 long terme \u2013 pour l&rsquo;\u00e9ducation, l\u2019emploi et la mobilit\u00e9. <strong>Votre engagement porte ses fruits l\u00e0 o\u00f9 des solutions durables sont n\u00e9cessaires, au fil des g\u00e9n\u00e9rations.<\/strong><\/p>\n<\/div>\n<\/div>\n\n \r\n\t\t\t\r\n\t\t<\/div>\r\n\t<\/div>\n<\/div>\n\n\n\r\n\t\t<div  class=\"block-41efcd01-7d1b-4f7f-aefd-85a875d8b053 areoi-element orange-border shadow\">\r\n\t\t\t\r\n\t\t\t\n\r\n\t\t<div  class=\"block-090769c1-9ec0-41ef-8d97-fd2748af9ebf row areoi-element justify-content-center\">\r\n\t\t\t\r\n\r\n\t\t\t\n\r\n\t\t<div  class=\"block-a8800fff-7e94-4d10-b393-22260cc7fe1e col areoi-element\">\r\n\t\t\t\r\n\t\t\t\n\n<h2 class=\"wp-block-heading\"><strong>Comment dois-je proc\u00e9der?<\/strong><\/h2>\n\n \r\n\t\t\t\r\n\t\t<\/div>\r\n\t\n \r\n\t\t<\/div>\r\n\t\n\n\r\n\t\t<div  class=\"block-d744b1c3-5b74-49d4-8820-bc54e09c7a4c row areoi-element justify-content-center\">\r\n\t\t\t\r\n\r\n\t\t\t\n\r\n\t\t<div  class=\"block-f3816cd0-a138-4e67-b818-71d79bd36d6e col areoi-element align-self-start col-12 col-md-1\">\r\n\t\t\t\r\n\t\t\t\n\n<div class=\"wp-block-areoi-icon areoi-icon text-start text-md-start\"><i class=\"text-primary bi-1-circle-fill \" style=\"font-size:36px\"><\/i><\/div>\n\n \r\n\t\t\t\r\n\t\t<\/div>\r\n\t\n\n\r\n\t\t<div  class=\"block-8a45f4c7-d547-486d-afb4-1c87754f3ada col areoi-element\">\r\n\t\t\t\r\n\t\t\t\n\n<p>Cr\u00e9ez un <a href=\"https:\/\/app.deinadieu.ch\/testament\/step\/0\" target=\"_blank\" rel=\"noreferrer noopener\">mod\u00e8le de testament gratuit<\/a> sur notre site partenaire \u00abdein Adieu\u00bb. Vous pouvez \u00e9galement y calculer les parts r\u00e9servataires.<\/p>\n\n \r\n\t\t\t\r\n\t\t<\/div>\r\n\t\n \r\n\t\t<\/div>\r\n\t\n\n\r\n\t\t<div  class=\"block-d98e6eb1-1f05-4481-9e38-80caa93e047c row areoi-element justify-content-center\">\r\n\t\t\t\r\n\r\n\t\t\t\n\r\n\t\t<div  class=\"block-49d9a0aa-b4fd-40f9-92a3-01054016dc74 col areoi-element align-self-start col-12 col-md-1\">\r\n\t\t\t\r\n\t\t\t\n\n<div class=\"wp-block-areoi-icon areoi-icon text-start text-md-start\"><i class=\"text-primary bi-2-circle-fill \" style=\"font-size:36px\"><\/i><\/div>\n\n \r\n\t\t\t\r\n\t\t<\/div>\r\n\t\n\n\r\n\t\t<div  class=\"block-681f3e50-19ac-4b91-b2d7-98391eb15c32 col areoi-element\">\r\n\t\t\t\r\n\t\t\t\n\n<p>Recopiez le mod\u00e8le de testament \u00e0 la main et ajoutez la date et votre signature.<\/p>\n\n \r\n\t\t\t\r\n\t\t<\/div>\r\n\t\n \r\n\t\t<\/div>\r\n\t\n\n\r\n\t\t<div  class=\"block-09de0c9b-89d7-457c-b9ab-87e4b493e11a row areoi-element justify-content-center\">\r\n\t\t\t\r\n\r\n\t\t\t\n\r\n\t\t<div  class=\"block-595bfbc6-b69e-4701-ad5c-bc230f7b31c3 col areoi-element align-self-start col-12 col-md-1\">\r\n\t\t\t\r\n\t\t\t\n\n<div class=\"wp-block-areoi-icon areoi-icon text-start text-md-start\"><i class=\"text-primary bi-3-circle-fill \" style=\"font-size:36px\"><\/i><\/div>\n\n \r\n\t\t\t\r\n\t\t<\/div>\r\n\t\n\n\r\n\t\t<div  class=\"block-f467fd1c-ea7a-4dc8-9fee-240cf7a5956d col areoi-element\">\r\n\t\t\t\r\n\t\t\t\n\n<p>D\u00e9posez le document de pr\u00e9f\u00e9rence aupr\u00e8s d&rsquo;un service administratif comp\u00e9tent.<\/p>\n\n \r\n\t\t\t\r\n\t\t<\/div>\r\n\t\n \r\n\t\t<\/div>\r\n\t\n\n\r\n\t\t<div  class=\"block-4dde70be-4f0b-445a-9bdb-e5a2261170bb row areoi-element justify-content-center\">\r\n\t\t\t\r\n\r\n\t\t\t\n\r\n\t\t<div  class=\"block-ad58ba51-3c84-4f2d-850b-4c772e298dd5 col areoi-element align-self-start col-12 col-md-1\">\r\n\t\t\t\r\n\t\t\t\n\n<div class=\"wp-block-areoi-icon areoi-icon text-start text-md-start\"><i class=\"text-primary bi-4-circle-fill \" style=\"font-size:36px\"><\/i><\/div>\n\n \r\n\t\t\t\r\n\t\t<\/div>\r\n\t\n\n\r\n\t\t<div  class=\"block-4700b574-8148-46a9-ae38-4057d95ea3d7 col areoi-element\">\r\n\t\t\t\r\n\t\t\t\n\n<p>Si vous le souhaitez, informez l&rsquo;organisation caritative concern\u00e9e.<\/p>\n\n \r\n\t\t\t\r\n\t\t<\/div>\r\n\t\n \r\n\t\t<\/div>\r\n\t\n\n\n<p>Vous pouvez mentionner Velafrica dans votre testament de diff\u00e9rentes mani\u00e8res:<br>&#8211; avec un <strong>legs<\/strong>, vous d\u00e9terminez que Velafrica recevra une somme d&rsquo;argent fixe ou un certain actif;<br>&#8211; avec un <strong>h\u00e9ritage<\/strong>, vous d\u00e9terminez que Velafrica recevra un pourcentage de la part librement disponible de votre succession.<br>Vous trouverez de plus amples informations \u00e0 ce sujet dans le mod\u00e8le de testament ci-dessous.<\/p>\n\n\n\r\n\t\t<div  class=\"block-8fd0ab5b-3901-465d-9e11-043b914f7d3b row areoi-element\">\r\n\t\t\t\r\n\r\n\t\t\t\n\r\n\t\t<div  class=\"block-41120e09-c9d0-4ee7-b8eb-787eed368289 col areoi-element\">\r\n\t\t\t\r\n\t\t\t\n\r\n\t\t\t\t\r\n\t\t<a \r\n\t\t\t\r\n\t\t\tclass=\"block-c293b9b0-003c-4483-8442-43b609177736 btn areoi-has-url position-relative link_abholaktion btn-primary btn-lg  d-block d-sm-block d-md-block d-lg-block d-xl-block d-xxl-block\"\r\n\t href=\"https:\/\/app.deinadieu.ch\/testament\/step\/0\" rel=\"noreferrer noopener\" target=\"_blank\" >\r\n\t\t\t\t\t\r\n\t\t\t\t\t<strong>Cliquez ici pour cr\u00e9er un mod\u00e8le de testament<\/strong> \r\n\t\t\t\t\t\r\n\t\t\t\t\t \r\n\t\t\t\t<\/a>\r\n\t\t\t\n \r\n\t\t\t\r\n\t\t<\/div>\r\n\t\n \r\n\t\t<\/div>\r\n\t\n\n\n<div style=\"height:30px\" aria-hidden=\"true\" class=\"wp-block-spacer\"><\/div>\n\n\n\n<div class=\"wp-block-columns is-layout-flex wp-container-core-columns-is-layout-9d6595d7 wp-block-columns-is-layout-flex\">\n<div class=\"wp-block-column is-layout-flow wp-block-column-is-layout-flow\"><\/div>\n\n\n\n<div class=\"wp-block-column is-layout-flow wp-block-column-is-layout-flow\">\n<figure class=\"wp-block-image size-full\"><img loading=\"lazy\" decoding=\"async\" width=\"750\" height=\"211\" src=\"https:\/\/velafrica.ch\/wp-content\/uploads\/2026\/02\/ZEWO_Logo_Claim_F_4c.png\" alt=\"\" class=\"wp-image-25864\" srcset=\"https:\/\/velafrica.ch\/wp-content\/uploads\/2026\/02\/ZEWO_Logo_Claim_F_4c.png 750w, https:\/\/velafrica.ch\/wp-content\/uploads\/2026\/02\/ZEWO_Logo_Claim_F_4c-600x169.png 600w, https:\/\/velafrica.ch\/wp-content\/uploads\/2026\/02\/ZEWO_Logo_Claim_F_4c-300x84.png 300w\" sizes=\"auto, (max-width: 750px) 100vw, 750px\" \/><\/figure>\n<\/div>\n\n\n\n<div class=\"wp-block-column is-layout-flow wp-block-column-is-layout-flow\"><\/div>\n<\/div>\n\n\r\n\t\t\t \r\n\t\t<\/div>\r\n\t\n\n\n<div style=\"height:50px\" aria-hidden=\"true\" class=\"wp-block-spacer\"><\/div>\n\n\n\r\n\t\t<div  class=\"block-44ed3598-c161-4304-9b12-04726ca16727 row areoi-element abgerundete-ecken-row align-items-center justify-content-center\">\r\n\t\t\t\r\n\r\n\t\t\t\n\r\n\t\t<div  class=\"block-07b234ff-f30e-4016-be14-bfaab92ad06d col areoi-element align-self-center align-self-md-center col-12 col-md-4\">\r\n\t\t\t\r\n\t\t<div class=\"areoi-background  \">\r\n\t\t\t<div class=\"container-fluid\" style=\"padding: 0;\">\r\n\t\t\t\t<div class=\"row justify-content-start\">\r\n\t\t\t\t\t<div class=\"col \">\r\n\t\t\t            <div class=\"areoi-background__color\" \r\n\t                        \tstyle=\"background: rgba(239, 109, 35,0.09)\">\r\n\t                        <\/div>\r\n\r\n\t                    \r\n\r\n\t                    \r\n\r\n\t                    \r\n\t    \t\t\t<\/div>\r\n\t    \t\t<\/div>\r\n\t    \t<\/div>\r\n\t    <\/div>\r\n\t\r\n\t\t\t\n\n<figure class=\"wp-block-image alignwide size-full is-style-rounded\"><img loading=\"lazy\" decoding=\"async\" width=\"800\" height=\"800\" src=\"https:\/\/velafrica.ch\/wp-content\/uploads\/2022\/01\/Michelle_1.jpg\" alt=\"\" class=\"wp-image-10216\" srcset=\"https:\/\/velafrica.ch\/wp-content\/uploads\/2022\/01\/Michelle_1.jpg 800w, https:\/\/velafrica.ch\/wp-content\/uploads\/2022\/01\/Michelle_1-300x300.jpg 300w, https:\/\/velafrica.ch\/wp-content\/uploads\/2022\/01\/Michelle_1-768x768.jpg 768w\" sizes=\"auto, (max-width: 800px) 100vw, 800px\" \/><\/figure>\n\n \r\n\t\t\t\r\n\t\t<\/div>\r\n\t\n\n\r\n\t\t<div  class=\"block-19d376a3-3193-4fb7-bd94-4388633cd869 col areoi-element align-self-center\">\r\n\t\t\t\r\n\t\t<div class=\"areoi-background  \">\r\n\t\t\t<div class=\"container-fluid\" style=\"padding: 0;\">\r\n\t\t\t\t<div class=\"row justify-content-start\">\r\n\t\t\t\t\t<div class=\"col \">\r\n\t\t\t            <div class=\"areoi-background__color\" \r\n\t                        \tstyle=\"background: rgba(239, 109, 35,0.09)\">\r\n\t                        <\/div>\r\n\r\n\t                    \r\n\r\n\t                    \r\n\r\n\t                    \r\n\t    \t\t\t<\/div>\r\n\t    \t\t<\/div>\r\n\t    \t<\/div>\r\n\t    <\/div>\r\n\t\r\n\t\t\t\n\n<p class=\"has-text-align-left\"><strong>Michelle Baumann<\/strong><br>Interlocutrice pour les legs<br><br><a href=\"mailto:michelle.baumann@velafrica.ch\" data-type=\"mailto\" data-id=\"mailto:michelle.baumann@velafrica.ch\">michelle.baumann@velafrica.ch<\/a><br>+41 31 529 38 82<br><br>Je me tiens \u00e0 votre disposition pour un entretien personnalis\u00e9.<\/p>\n\n \r\n\t\t\t\r\n\t\t<\/div>\r\n\t\n \r\n\t\t<\/div>\r\n\t\n\n\n<p><\/p>\n","protected":false},"excerpt":{"rendered":"<p> [&#8230;]<\/p>\n<p><a class=\"btn btn-secondary understrap-read-more-link\" href=\"https:\/\/velafrica.ch\/fr\/legs\/\">Lire la suite\u2026<span class=\"screen-reader-text\"> from Ayez un impact durable au-del\u00e0 de votre vie gr\u00e2ce \u00e0 votre legs<\/span><\/a><\/p>\n","protected":false},"author":27,"featured_media":8701,"parent":0,"menu_order":0,"comment_status":"closed","ping_status":"closed","template":"","meta":{"_acf_changed":false,"footnotes":""},"class_list":["post-25861","page","type-page","status-publish","has-post-thumbnail","hentry"],"acf":[],"_links":{"self":[{"href":"https:\/\/velafrica.ch\/fr\/wp-json\/wp\/v2\/pages\/25861","targetHints":{"allow":["GET"]}}],"collection":[{"href":"https:\/\/velafrica.ch\/fr\/wp-json\/wp\/v2\/pages"}],"about":[{"href":"https:\/\/velafrica.ch\/fr\/wp-json\/wp\/v2\/types\/page"}],"author":[{"embeddable":true,"href":"https:\/\/velafrica.ch\/fr\/wp-json\/wp\/v2\/users\/27"}],"replies":[{"embeddable":true,"href":"https:\/\/velafrica.ch\/fr\/wp-json\/wp\/v2\/comments?post=25861"}],"version-history":[{"count":1,"href":"https:\/\/velafrica.ch\/fr\/wp-json\/wp\/v2\/pages\/25861\/revisions"}],"predecessor-version":[{"id":25868,"href":"https:\/\/velafrica.ch\/fr\/wp-json\/wp\/v2\/pages\/25861\/revisions\/25868"}],"wp:featuredmedia":[{"embeddable":true,"href":"https:\/\/velafrica.ch\/fr\/wp-json\/wp\/v2\/media\/8701"}],"wp:attachment":[{"href":"https:\/\/velafrica.ch\/fr\/wp-json\/wp\/v2\/media?parent=25861"}],"curies":[{"name":"wp","href":"https:\/\/api.w.org\/{rel}","templated":true}]}}