{"id":23384,"date":"2025-06-17T14:48:06","date_gmt":"2025-06-17T12:48:06","guid":{"rendered":"https:\/\/velafrica.ch\/?page_id=23384"},"modified":"2025-06-17T14:48:08","modified_gmt":"2025-06-17T12:48:08","slug":"bikes-for-changemakers","status":"publish","type":"page","link":"https:\/\/velafrica.ch\/fr\/ce-que-nous-faisons\/bikes-for-changemakers\/","title":{"rendered":"Bikes for Changemakers"},"content":{"rendered":"\n<p>Chaque kilom\u00e8tre est un obstacle sur la voie d&rsquo;une vie meilleure. Qu&rsquo;il s&rsquo;agisse des courses quotidiennes ou de l&rsquo;acc\u00e8s \u00e0 l&rsquo;\u00e9ducation, aux centres de sant\u00e9 et aux possibilit\u00e9s d&#8217;emploi: Dans les r\u00e9gions recul\u00e9es de Tanzanie, les longs trajets constituent souvent des <strong>obstacles insurmontables.<\/strong> Pour les familles vivant dans des zones rurales et dans des conditions \u00e9conomiques difficiles, <strong>la mobilit\u00e9<\/strong> peut faire toute la diff\u00e9rence.<\/p>\n\n\n\n<div class=\"wp-block-buttons is-content-justification-center is-layout-flex wp-container-core-buttons-is-layout-16018d1d wp-block-buttons-is-layout-flex\">\n<div class=\"wp-block-button is-style-outline is-style-outline--1\"><a class=\"wp-block-button__link has-white-color has-luminous-vivid-orange-background-color has-text-color has-background has-custom-font-size wp-element-button\" href=\"#key-figures-changemakers\" style=\"border-radius:40px;font-size:22px\"><strong>Fa<\/strong>i<strong>ts et chiffres<\/strong><\/a><\/div>\n<\/div>\n\n\n\n<div style=\"height:50px\" aria-hidden=\"true\" class=\"wp-block-spacer\"><\/div>\n\n\n\n<div class=\"wp-block-group is-content-justification-left is-nowrap is-layout-flex wp-container-core-group-is-layout-f56a869c wp-block-group-is-layout-flex\">\n<div class=\"wp-block-columns is-layout-flex wp-container-core-columns-is-layout-9d6595d7 wp-block-columns-is-layout-flex\">\n<div class=\"wp-block-column is-layout-flow wp-block-column-is-layout-flow\" style=\"flex-basis:50%\">\n<figure class=\"wp-block-image size-large\"><img loading=\"lazy\" decoding=\"async\" width=\"1024\" height=\"768\" src=\"https:\/\/velafrica.ch\/wp-content\/uploads\/2024\/12\/Bikes-for-Changemakers_P1081148_korr-1024x768.jpg\" alt=\"\" class=\"wp-image-21696\" style=\"aspect-ratio:4\/3;object-fit:cover\" srcset=\"https:\/\/velafrica.ch\/wp-content\/uploads\/2024\/12\/Bikes-for-Changemakers_P1081148_korr-1024x768.jpg 1024w, https:\/\/velafrica.ch\/wp-content\/uploads\/2024\/12\/Bikes-for-Changemakers_P1081148_korr-600x450.jpg 600w, https:\/\/velafrica.ch\/wp-content\/uploads\/2024\/12\/Bikes-for-Changemakers_P1081148_korr-768x576.jpg 768w, https:\/\/velafrica.ch\/wp-content\/uploads\/2024\/12\/Bikes-for-Changemakers_P1081148_korr-300x225.jpg 300w, https:\/\/velafrica.ch\/wp-content\/uploads\/2024\/12\/Bikes-for-Changemakers_P1081148_korr.jpg 1500w\" sizes=\"auto, (max-width: 1024px) 100vw, 1024px\" \/><\/figure>\n<\/div>\n\n\n\n<div class=\"wp-block-column is-layout-flow wp-block-column-is-layout-flow\" style=\"flex-basis:50%\">\n<p>Le projet \u00abBikes for Changemakers\u00bb est une collaboration entre Velafrica, ABC Impact et Mainsprings. Gr\u00e2ce \u00e0 ce projet, les \u00abfamilles changemakers\u00bb de la r\u00e9gion du lac Victoria re\u00e7oivent chacune <strong>deux v\u00e9los<\/strong>, avec acc\u00e8s au service et \u00e0 l&rsquo;entretien.<\/p>\n\n\n\n<p>Les \u00abfamilles changemakers\u00bb sont des familles pauvres avec de jeunes enfants. Souvent, la pauvret\u00e9 se transmet de <strong>g\u00e9n\u00e9ration en g\u00e9n\u00e9ration.<\/strong><\/p>\n<\/div>\n<\/div>\n<\/div>\n\n\n\n<p>Pour pouvoir se lib\u00e9rer de la boucle de la pauvret\u00e9, les membres de la famille doivent avoir acc\u00e8s \u00e0 des <strong>possibilit\u00e9s de scolarisation et de formation, \u00e0 des soins de sant\u00e9 et \u00e0 l&rsquo;acc\u00e8s au march\u00e9 du travail et aux activit\u00e9s \u00e9conomiques<\/strong>.<\/p>\n\n\n\n<p id=\"soziale-nachhaltigkeit\">Les v\u00e9los augmentent la mobilit\u00e9 des familles et leur permettent de parcourir plus rapidement la distance entre leur domicile et les campus g\u00e9r\u00e9s par Mainsprings \u00e0 Kitongo et Kahunda. Chaque campus comprend une \u00e9cole primaire et secondaire, une ferme d&rsquo;agriculture r\u00e9g\u00e9n\u00e9rative, un centre de sant\u00e9, des aires de jeux et des installations pour la formation et les visiteurs. <\/p>\n\n\n\n<p id=\"soziale-nachhaltigkeit\">Dans ce <a href=\"https:\/\/www.youtube.com\/watch?v=upqIE6olhtc\">portrait vid\u00e9o sur YouTube,<\/a> vous en apprendrez plus sur le projet. En cliquant sur ce lien, vous trouverez <a href=\"https:\/\/mainsprings.org\/changemaker-families\/\">plus d&rsquo;informations sur le travail de Mainsprings<\/a> et sur les \u00abfamilles changemaker\u00bb.<\/p>\n\n\n\n<h2 class=\"wp-block-heading\" id=\"nachhaltigkeit-schweiz\">Des v\u00e9los pour le personnel de sant\u00e9<\/h2>\n\n\n\n<p>Outre les \u00abfamilles changemakers\u00bb, le personnel de sant\u00e9 du Kitnong Health Center a \u00e9galement \u00e9t\u00e9 \u00e9quip\u00e9 de six v\u00e9los dans le cadre du projet. Ces v\u00e9los leur permettent par exemple d&rsquo;effectuer des visites \u00e0 domicile chez les personnes malades. \u00abAvant, se rendre chez les patients \u00e9tait un combat. J&rsquo;y allais \u00e0 pied. Aujourd&rsquo;hui, j&rsquo;y arrive rapidement \u00e0 v\u00e9lo\u00bb, explique une collaboratrice.<\/p>\n\n\n\n<div style=\"height:50px\" aria-hidden=\"true\" class=\"wp-block-spacer\"><\/div>\n\n\n\n<div class=\"wp-block-group\"><div class=\"wp-block-group__inner-container is-layout-constrained wp-block-group-is-layout-constrained\">\n<div class=\"wp-block-group\"><div class=\"wp-block-group__inner-container is-layout-constrained wp-block-group-is-layout-constrained\">\n<div class=\"wp-block-columns is-layout-flex wp-container-core-columns-is-layout-9d6595d7 wp-block-columns-is-layout-flex\">\n<div class=\"wp-block-column is-layout-flow wp-block-column-is-layout-flow\" style=\"flex-basis:100%\">\r\n\t\t<div  class=\"block-dffc7592-c579-41e9-a5db-0968083f1b58 col areoi-element\">\r\n\t\t\t\r\n\t\t<div class=\"areoi-background  \">\r\n\t\t\t<div class=\"container-fluid\" style=\"padding: 0;\">\r\n\t\t\t\t<div class=\"row justify-content-center\">\r\n\t\t\t\t\t<div class=\"col \">\r\n\t\t\t            <div class=\"areoi-background__color\" \r\n\t                        \tstyle=\"background: rgba(239, 109, 35,0.09)\">\r\n\t                        <\/div>\r\n\r\n\t                    \r\n\r\n\t                    \r\n\r\n\t                    \r\n\t    \t\t\t<\/div>\r\n\t    \t\t<\/div>\r\n\t    \t<\/div>\r\n\t    <\/div>\r\n\t\r\n\t\t\t\n\n<h2 class=\"wp-block-heading has-text-align-left\" id=\"key-figures-changemakers\">Faits et chiffres<\/h2>\n\n\n\n<div class=\"wp-block-columns is-layout-flex wp-container-core-columns-is-layout-9d6595d7 wp-block-columns-is-layout-flex\">\n<div class=\"wp-block-column is-vertically-aligned-top is-layout-flow wp-block-column-is-layout-flow\">\n<p><strong>Projet actif depuis<\/strong> octobre 2023 <br><br><strong>Pays du projet<\/strong> Tanzanie<\/p>\n\n\n\n<p><strong>Partenaires de projet<\/strong> <a href=\"https:\/\/abcimpact.or.tz\/\" data-type=\"link\" data-id=\"https:\/\/abcimpact.or.tz\/\" target=\"_blank\" rel=\"noreferrer noopener\">ABC Impact<\/a>, <a href=\"https:\/\/mainsprings.org\/\" data-type=\"link\" data-id=\"https:\/\/mainsprings.org\/\" target=\"_blank\" rel=\"noreferrer noopener\">Mainsprings<\/a><\/p>\n<\/div>\n\n\n\n<div class=\"wp-block-column is-layout-flow wp-block-column-is-layout-flow\">\n<p><strong>V\u00e9los distribu\u00e9s<\/strong> 96 v\u00e9los pour les \u00abfamilles changemakers \u00bb, 6 v\u00e9los pour le personnel de sant\u00e9 (\u00e9tat novembre 2024)<\/p>\n\n\n\n<p><strong>B\u00e9n\u00e9ficiaires <\/strong><br>78% de femmes, 98% n&rsquo;avaient pas de moyen de transport personnel et 49% n&rsquo;avaient pas acc\u00e8s \u00e0 un moyen de transport.<\/p>\n<\/div>\n<\/div>\n\n\n\n<p><strong>R\u00e9alis\u00e9 gr\u00e2ce \u00e0<\/strong> des donateurs priv\u00e9s et des institutions.<\/p>\n\n\n\n<p><strong>Objectifs de d\u00e9veloppement<\/strong> Le projet de formation professionnelle a un impact direct sur les <a href=\"https:\/\/unric.org\/fr\/developpement-durable\/\" target=\"_blank\" rel=\"noreferrer noopener\">ODD<\/a> suivants des Nations Unies: 1, 2, 3, 4, 5, 10, 11 &amp; 13.<\/p>\n\n\n\n<div class=\"wp-block-group is-layout-grid wp-container-core-group-is-layout-8bef542a wp-block-group-is-layout-grid\">\n<figure class=\"wp-block-image size-full\"><img loading=\"lazy\" decoding=\"async\" width=\"2560\" height=\"2560\" src=\"https:\/\/velafrica.ch\/wp-content\/uploads\/2025\/05\/F_SDG_PRINT-01-scaled.jpg\" alt=\"\" class=\"wp-image-22894\" srcset=\"https:\/\/velafrica.ch\/wp-content\/uploads\/2025\/05\/F_SDG_PRINT-01-scaled.jpg 2560w, https:\/\/velafrica.ch\/wp-content\/uploads\/2025\/05\/F_SDG_PRINT-01-600x600.jpg 600w, https:\/\/velafrica.ch\/wp-content\/uploads\/2025\/05\/F_SDG_PRINT-01-1024x1024.jpg 1024w, https:\/\/velafrica.ch\/wp-content\/uploads\/2025\/05\/F_SDG_PRINT-01-420x420.jpg 420w, https:\/\/velafrica.ch\/wp-content\/uploads\/2025\/05\/F_SDG_PRINT-01-768x768.jpg 768w, https:\/\/velafrica.ch\/wp-content\/uploads\/2025\/05\/F_SDG_PRINT-01-1536x1536.jpg 1536w, https:\/\/velafrica.ch\/wp-content\/uploads\/2025\/05\/F_SDG_PRINT-01-2048x2048.jpg 2048w, https:\/\/velafrica.ch\/wp-content\/uploads\/2025\/05\/F_SDG_PRINT-01-300x300.jpg 300w, https:\/\/velafrica.ch\/wp-content\/uploads\/2025\/05\/F_SDG_PRINT-01-100x100.jpg 100w\" sizes=\"auto, (max-width: 2560px) 100vw, 2560px\" \/><\/figure>\n\n\n\n<figure class=\"wp-block-image size-full\"><img loading=\"lazy\" decoding=\"async\" width=\"2560\" height=\"2560\" src=\"https:\/\/velafrica.ch\/wp-content\/uploads\/2025\/06\/F_SDG_PRINT-02-scaled.jpg\" alt=\"\" class=\"wp-image-23393\" srcset=\"https:\/\/velafrica.ch\/wp-content\/uploads\/2025\/06\/F_SDG_PRINT-02-scaled.jpg 2560w, https:\/\/velafrica.ch\/wp-content\/uploads\/2025\/06\/F_SDG_PRINT-02-600x600.jpg 600w, https:\/\/velafrica.ch\/wp-content\/uploads\/2025\/06\/F_SDG_PRINT-02-1024x1024.jpg 1024w, https:\/\/velafrica.ch\/wp-content\/uploads\/2025\/06\/F_SDG_PRINT-02-420x420.jpg 420w, https:\/\/velafrica.ch\/wp-content\/uploads\/2025\/06\/F_SDG_PRINT-02-768x768.jpg 768w, https:\/\/velafrica.ch\/wp-content\/uploads\/2025\/06\/F_SDG_PRINT-02-1536x1536.jpg 1536w, https:\/\/velafrica.ch\/wp-content\/uploads\/2025\/06\/F_SDG_PRINT-02-2048x2048.jpg 2048w, https:\/\/velafrica.ch\/wp-content\/uploads\/2025\/06\/F_SDG_PRINT-02-300x300.jpg 300w, https:\/\/velafrica.ch\/wp-content\/uploads\/2025\/06\/F_SDG_PRINT-02-100x100.jpg 100w\" sizes=\"auto, (max-width: 2560px) 100vw, 2560px\" \/><\/figure>\n\n\n\n<figure class=\"wp-block-image size-full\"><img loading=\"lazy\" decoding=\"async\" width=\"2560\" height=\"2560\" src=\"https:\/\/velafrica.ch\/wp-content\/uploads\/2025\/05\/F_SDG_PRINT-03-scaled.jpg\" alt=\"\" class=\"wp-image-22898\" srcset=\"https:\/\/velafrica.ch\/wp-content\/uploads\/2025\/05\/F_SDG_PRINT-03-scaled.jpg 2560w, https:\/\/velafrica.ch\/wp-content\/uploads\/2025\/05\/F_SDG_PRINT-03-600x600.jpg 600w, https:\/\/velafrica.ch\/wp-content\/uploads\/2025\/05\/F_SDG_PRINT-03-1024x1024.jpg 1024w, https:\/\/velafrica.ch\/wp-content\/uploads\/2025\/05\/F_SDG_PRINT-03-420x420.jpg 420w, https:\/\/velafrica.ch\/wp-content\/uploads\/2025\/05\/F_SDG_PRINT-03-768x768.jpg 768w, https:\/\/velafrica.ch\/wp-content\/uploads\/2025\/05\/F_SDG_PRINT-03-1536x1536.jpg 1536w, https:\/\/velafrica.ch\/wp-content\/uploads\/2025\/05\/F_SDG_PRINT-03-2048x2048.jpg 2048w, https:\/\/velafrica.ch\/wp-content\/uploads\/2025\/05\/F_SDG_PRINT-03-300x300.jpg 300w, https:\/\/velafrica.ch\/wp-content\/uploads\/2025\/05\/F_SDG_PRINT-03-100x100.jpg 100w\" sizes=\"auto, (max-width: 2560px) 100vw, 2560px\" \/><\/figure>\n\n\n\n<figure class=\"wp-block-image size-full\"><img loading=\"lazy\" decoding=\"async\" width=\"2560\" height=\"2560\" src=\"https:\/\/velafrica.ch\/wp-content\/uploads\/2025\/05\/F_SDG_PRINT-04-scaled.jpg\" alt=\"\" class=\"wp-image-22902\" srcset=\"https:\/\/velafrica.ch\/wp-content\/uploads\/2025\/05\/F_SDG_PRINT-04-scaled.jpg 2560w, https:\/\/velafrica.ch\/wp-content\/uploads\/2025\/05\/F_SDG_PRINT-04-600x600.jpg 600w, https:\/\/velafrica.ch\/wp-content\/uploads\/2025\/05\/F_SDG_PRINT-04-1024x1024.jpg 1024w, https:\/\/velafrica.ch\/wp-content\/uploads\/2025\/05\/F_SDG_PRINT-04-420x420.jpg 420w, https:\/\/velafrica.ch\/wp-content\/uploads\/2025\/05\/F_SDG_PRINT-04-768x768.jpg 768w, https:\/\/velafrica.ch\/wp-content\/uploads\/2025\/05\/F_SDG_PRINT-04-1536x1536.jpg 1536w, https:\/\/velafrica.ch\/wp-content\/uploads\/2025\/05\/F_SDG_PRINT-04-2048x2048.jpg 2048w, https:\/\/velafrica.ch\/wp-content\/uploads\/2025\/05\/F_SDG_PRINT-04-300x300.jpg 300w, https:\/\/velafrica.ch\/wp-content\/uploads\/2025\/05\/F_SDG_PRINT-04-100x100.jpg 100w\" sizes=\"auto, (max-width: 2560px) 100vw, 2560px\" \/><\/figure>\n\n\n\n<figure class=\"wp-block-image size-full wp-container-content-d1ef09eb\"><img loading=\"lazy\" decoding=\"async\" width=\"2560\" height=\"2560\" src=\"https:\/\/velafrica.ch\/wp-content\/uploads\/2025\/05\/F_SDG_PRINT-05-scaled.jpg\" alt=\"\" class=\"wp-image-22906\" srcset=\"https:\/\/velafrica.ch\/wp-content\/uploads\/2025\/05\/F_SDG_PRINT-05-scaled.jpg 2560w, https:\/\/velafrica.ch\/wp-content\/uploads\/2025\/05\/F_SDG_PRINT-05-600x600.jpg 600w, https:\/\/velafrica.ch\/wp-content\/uploads\/2025\/05\/F_SDG_PRINT-05-1024x1024.jpg 1024w, https:\/\/velafrica.ch\/wp-content\/uploads\/2025\/05\/F_SDG_PRINT-05-420x420.jpg 420w, https:\/\/velafrica.ch\/wp-content\/uploads\/2025\/05\/F_SDG_PRINT-05-768x768.jpg 768w, https:\/\/velafrica.ch\/wp-content\/uploads\/2025\/05\/F_SDG_PRINT-05-1536x1536.jpg 1536w, https:\/\/velafrica.ch\/wp-content\/uploads\/2025\/05\/F_SDG_PRINT-05-2048x2048.jpg 2048w, https:\/\/velafrica.ch\/wp-content\/uploads\/2025\/05\/F_SDG_PRINT-05-300x300.jpg 300w, https:\/\/velafrica.ch\/wp-content\/uploads\/2025\/05\/F_SDG_PRINT-05-100x100.jpg 100w\" sizes=\"auto, (max-width: 2560px) 100vw, 2560px\" \/><\/figure>\n\n\n\n<figure class=\"wp-block-image size-full wp-container-content-d1ef09eb\"><img loading=\"lazy\" decoding=\"async\" width=\"2560\" height=\"2560\" src=\"https:\/\/velafrica.ch\/wp-content\/uploads\/2025\/05\/F_SDG_PRINT-10-scaled.jpg\" alt=\"\" class=\"wp-image-22918\" srcset=\"https:\/\/velafrica.ch\/wp-content\/uploads\/2025\/05\/F_SDG_PRINT-10-scaled.jpg 2560w, https:\/\/velafrica.ch\/wp-content\/uploads\/2025\/05\/F_SDG_PRINT-10-600x600.jpg 600w, https:\/\/velafrica.ch\/wp-content\/uploads\/2025\/05\/F_SDG_PRINT-10-1024x1024.jpg 1024w, https:\/\/velafrica.ch\/wp-content\/uploads\/2025\/05\/F_SDG_PRINT-10-420x420.jpg 420w, https:\/\/velafrica.ch\/wp-content\/uploads\/2025\/05\/F_SDG_PRINT-10-768x768.jpg 768w, https:\/\/velafrica.ch\/wp-content\/uploads\/2025\/05\/F_SDG_PRINT-10-1536x1536.jpg 1536w, https:\/\/velafrica.ch\/wp-content\/uploads\/2025\/05\/F_SDG_PRINT-10-2048x2048.jpg 2048w, https:\/\/velafrica.ch\/wp-content\/uploads\/2025\/05\/F_SDG_PRINT-10-300x300.jpg 300w, https:\/\/velafrica.ch\/wp-content\/uploads\/2025\/05\/F_SDG_PRINT-10-100x100.jpg 100w\" sizes=\"auto, (max-width: 2560px) 100vw, 2560px\" \/><\/figure>\n\n\n\n<figure class=\"wp-block-image size-full\"><img loading=\"lazy\" decoding=\"async\" width=\"2560\" height=\"2560\" src=\"https:\/\/velafrica.ch\/wp-content\/uploads\/2025\/05\/F_SDG_PRINT-11-scaled.jpg\" alt=\"\" class=\"wp-image-22922\" srcset=\"https:\/\/velafrica.ch\/wp-content\/uploads\/2025\/05\/F_SDG_PRINT-11-scaled.jpg 2560w, https:\/\/velafrica.ch\/wp-content\/uploads\/2025\/05\/F_SDG_PRINT-11-600x600.jpg 600w, https:\/\/velafrica.ch\/wp-content\/uploads\/2025\/05\/F_SDG_PRINT-11-1024x1024.jpg 1024w, https:\/\/velafrica.ch\/wp-content\/uploads\/2025\/05\/F_SDG_PRINT-11-420x420.jpg 420w, https:\/\/velafrica.ch\/wp-content\/uploads\/2025\/05\/F_SDG_PRINT-11-768x768.jpg 768w, https:\/\/velafrica.ch\/wp-content\/uploads\/2025\/05\/F_SDG_PRINT-11-1536x1536.jpg 1536w, https:\/\/velafrica.ch\/wp-content\/uploads\/2025\/05\/F_SDG_PRINT-11-2048x2048.jpg 2048w, https:\/\/velafrica.ch\/wp-content\/uploads\/2025\/05\/F_SDG_PRINT-11-300x300.jpg 300w, https:\/\/velafrica.ch\/wp-content\/uploads\/2025\/05\/F_SDG_PRINT-11-100x100.jpg 100w\" sizes=\"auto, (max-width: 2560px) 100vw, 2560px\" \/><\/figure>\n\n\n\n<figure class=\"wp-block-image size-full\"><img loading=\"lazy\" decoding=\"async\" width=\"2560\" height=\"2560\" src=\"https:\/\/velafrica.ch\/wp-content\/uploads\/2025\/05\/F_SDG_PRINT-13-scaled.jpg\" alt=\"\" class=\"wp-image-22930\" srcset=\"https:\/\/velafrica.ch\/wp-content\/uploads\/2025\/05\/F_SDG_PRINT-13-scaled.jpg 2560w, https:\/\/velafrica.ch\/wp-content\/uploads\/2025\/05\/F_SDG_PRINT-13-600x600.jpg 600w, https:\/\/velafrica.ch\/wp-content\/uploads\/2025\/05\/F_SDG_PRINT-13-1024x1024.jpg 1024w, https:\/\/velafrica.ch\/wp-content\/uploads\/2025\/05\/F_SDG_PRINT-13-420x420.jpg 420w, https:\/\/velafrica.ch\/wp-content\/uploads\/2025\/05\/F_SDG_PRINT-13-768x768.jpg 768w, https:\/\/velafrica.ch\/wp-content\/uploads\/2025\/05\/F_SDG_PRINT-13-1536x1536.jpg 1536w, https:\/\/velafrica.ch\/wp-content\/uploads\/2025\/05\/F_SDG_PRINT-13-2048x2048.jpg 2048w, https:\/\/velafrica.ch\/wp-content\/uploads\/2025\/05\/F_SDG_PRINT-13-300x300.jpg 300w, https:\/\/velafrica.ch\/wp-content\/uploads\/2025\/05\/F_SDG_PRINT-13-100x100.jpg 100w\" sizes=\"auto, (max-width: 2560px) 100vw, 2560px\" \/><\/figure>\n<\/div>\n\n \r\n\t\t\t\r\n\t\t<\/div>\r\n\t<\/div>\n<\/div>\n<\/div><\/div>\n<\/div><\/div>\n\n\n\n<div style=\"height:50px\" aria-hidden=\"true\" class=\"wp-block-spacer\"><\/div>\n\n\n\n<div class=\"wp-block-buttons is-content-justification-center is-layout-flex wp-container-core-buttons-is-layout-16018d1d wp-block-buttons-is-layout-flex\">\n<div class=\"wp-block-button has-custom-width wp-block-button__width-75 is-style-outline is-style-outline--2\"><a class=\"wp-block-button__link has-white-color has-luminous-vivid-orange-background-color has-text-color has-background has-custom-font-size wp-element-button\" href=\"https:\/\/velafrica.ch\/fr\/comment-nous-aider\/dons-en-argent\/\" style=\"border-radius:40px;font-size:22px\" target=\"_blank\" rel=\"noreferrer noopener\"><strong>Projekt unterst\u00fctzen<\/strong><\/a><\/div>\n<\/div>\n\n\n\n<p><\/p>\n","protected":false},"excerpt":{"rendered":"<p>Chaque kilom\u00e8tre est un obstacle sur la voie d&rsquo;une vie meilleure. Qu&rsquo;il s&rsquo;agisse des courses quotidiennes ou de l&rsquo;acc\u00e8s \u00e0 [&#8230;]<\/p>\n<p><a class=\"btn btn-secondary understrap-read-more-link\" href=\"https:\/\/velafrica.ch\/fr\/ce-que-nous-faisons\/bikes-for-changemakers\/\">Lire la suite\u2026<span class=\"screen-reader-text\"> from Bikes for Changemakers<\/span><\/a><\/p>\n","protected":false},"author":27,"featured_media":23434,"parent":6165,"menu_order":0,"comment_status":"closed","ping_status":"closed","template":"","meta":{"_acf_changed":false,"footnotes":""},"class_list":["post-23384","page","type-page","status-publish","has-post-thumbnail","hentry"],"acf":[],"_links":{"self":[{"href":"https:\/\/velafrica.ch\/fr\/wp-json\/wp\/v2\/pages\/23384","targetHints":{"allow":["GET"]}}],"collection":[{"href":"https:\/\/velafrica.ch\/fr\/wp-json\/wp\/v2\/pages"}],"about":[{"href":"https:\/\/velafrica.ch\/fr\/wp-json\/wp\/v2\/types\/page"}],"author":[{"embeddable":true,"href":"https:\/\/velafrica.ch\/fr\/wp-json\/wp\/v2\/users\/27"}],"replies":[{"embeddable":true,"href":"https:\/\/velafrica.ch\/fr\/wp-json\/wp\/v2\/comments?post=23384"}],"version-history":[{"count":2,"href":"https:\/\/velafrica.ch\/fr\/wp-json\/wp\/v2\/pages\/23384\/revisions"}],"predecessor-version":[{"id":23438,"href":"https:\/\/velafrica.ch\/fr\/wp-json\/wp\/v2\/pages\/23384\/revisions\/23438"}],"up":[{"embeddable":true,"href":"https:\/\/velafrica.ch\/fr\/wp-json\/wp\/v2\/pages\/6165"}],"wp:featuredmedia":[{"embeddable":true,"href":"https:\/\/velafrica.ch\/fr\/wp-json\/wp\/v2\/media\/23434"}],"wp:attachment":[{"href":"https:\/\/velafrica.ch\/fr\/wp-json\/wp\/v2\/media?parent=23384"}],"curies":[{"name":"wp","href":"https:\/\/api.w.org\/{rel}","templated":true}]}}