{"id":23372,"date":"2025-06-17T13:40:50","date_gmt":"2025-06-17T11:40:50","guid":{"rendered":"https:\/\/velafrica.ch\/?page_id=23372"},"modified":"2025-07-23T17:53:09","modified_gmt":"2025-07-23T15:53:09","slug":"bike-for-trees","status":"publish","type":"page","link":"https:\/\/velafrica.ch\/fr\/ce-que-nous-faisons\/bike-for-trees\/","title":{"rendered":"Bike for Trees"},"content":{"rendered":"\n<p>Le projet \u00abBike for Trees\u00bb promeut la <strong>force \u00e9conomique des femmes.<\/strong> Parall\u00e8lement, le projet est un moyen de lutter contre <strong>les effets du changement climatique<\/strong> dans le nord aride de la Tanzanie.<\/p>\n\n\n\n<div class=\"wp-block-buttons is-content-justification-center is-layout-flex wp-container-core-buttons-is-layout-16018d1d wp-block-buttons-is-layout-flex\">\n<div class=\"wp-block-button is-style-outline is-style-outline--1\"><a class=\"wp-block-button__link has-white-color has-luminous-vivid-orange-background-color has-text-color has-background has-custom-font-size wp-element-button\" href=\"#key-figures-bikefortrees\" style=\"border-radius:40px;font-size:22px\"><strong>Faits et chiffres<\/strong><\/a><\/div>\n<\/div>\n\n\n\n<div style=\"height:50px\" aria-hidden=\"true\" class=\"wp-block-spacer\"><\/div>\n\n\n\n<div class=\"wp-block-columns is-layout-flex wp-container-core-columns-is-layout-9d6595d7 wp-block-columns-is-layout-flex\">\n<div class=\"wp-block-column is-layout-flow wp-block-column-is-layout-flow\" style=\"flex-basis:50%\">\n<figure class=\"wp-block-image\"><img loading=\"lazy\" decoding=\"async\" width=\"768\" height=\"1024\" src=\"https:\/\/velafrica.ch\/wp-content\/uploads\/2024\/11\/WhatsApp-Image-2023-05-16-at-16.00.35-768x1024.jpeg\" alt=\"\" class=\"wp-image-21024\" style=\"aspect-ratio:1;object-fit:cover\" srcset=\"https:\/\/velafrica.ch\/wp-content\/uploads\/2024\/11\/WhatsApp-Image-2023-05-16-at-16.00.35-768x1024.jpeg 768w, https:\/\/velafrica.ch\/wp-content\/uploads\/2024\/11\/WhatsApp-Image-2023-05-16-at-16.00.35-450x600.jpeg 450w, https:\/\/velafrica.ch\/wp-content\/uploads\/2024\/11\/WhatsApp-Image-2023-05-16-at-16.00.35-300x400.jpeg 300w, https:\/\/velafrica.ch\/wp-content\/uploads\/2024\/11\/WhatsApp-Image-2023-05-16-at-16.00.35-600x800.jpeg 600w, https:\/\/velafrica.ch\/wp-content\/uploads\/2024\/11\/WhatsApp-Image-2023-05-16-at-16.00.35.jpeg 810w\" sizes=\"auto, (max-width: 768px) 100vw, 768px\" \/><\/figure>\n<\/div>\n\n\n\n<div class=\"wp-block-column is-layout-flow wp-block-column-is-layout-flow\" style=\"flex-basis:50%\">\n<p>En 2023, en collaboration avec <a href=\"https:\/\/abcimpact.or.tz\/\">ABC Impact<\/a>, nous avons remis 50 v\u00e9los \u00e0 la coop\u00e9rative de femmes <strong>\u00abUpendo Women&rsquo;s Group\u00bb.<\/strong><\/p>\n\n\n\n<p>Les femmes de la coop\u00e9rative cultivent des <strong>plants<\/strong> qu&rsquo;elles transportent ensuite \u00e0 v\u00e9lo, parfois sur de longues distances. Elles plantent des arbres dans des \u00e9coles, des centres de sant\u00e9, des \u00e9glises, des mosqu\u00e9es et d&rsquo;autres <strong>lieux de vie communautaire.<\/strong> <\/p>\n\n\n\n<p>Les femmes ont d\u00e9j\u00e0 plant\u00e9 plus de <strong>4000 arbres.<\/strong> L&rsquo;objectif est <strong>d&rsquo;en planter 10 000<\/strong> d&rsquo;ici 2025.<\/p>\n<\/div>\n<\/div>\n\n\n\n<p>Les femmes de la coop\u00e9rative sensibilisent la population \u00e0 la gestion durable de l&rsquo;environnement et l&rsquo;aident \u00e0 cultiver les plants. Les arbres prot\u00e8gent le sol de l&rsquo;\u00e9rosion, stockent <a>l&rsquo;eau<\/a>, offrent une ombre rafra\u00eechissante et servent de barri\u00e8res contre le vent.<\/p>\n\n\n\n<p><a id=\"_msocom_1\"><\/a><\/p>\n\n\n\n<div class=\"wp-block-group\"><div class=\"wp-block-group__inner-container is-layout-constrained wp-block-group-is-layout-constrained\">\n<div class=\"wp-block-columns is-layout-flex wp-container-core-columns-is-layout-9d6595d7 wp-block-columns-is-layout-flex\">\n<div class=\"wp-block-column is-layout-flow wp-block-column-is-layout-flow\" style=\"flex-basis:50%\">\n<figure class=\"wp-block-image\"><img loading=\"lazy\" decoding=\"async\" width=\"1024\" height=\"657\" src=\"https:\/\/velafrica.ch\/wp-content\/uploads\/2024\/11\/MG_2779-scaled-e1730899670347-1024x657.jpg\" alt=\"\" class=\"wp-image-21029\" srcset=\"https:\/\/velafrica.ch\/wp-content\/uploads\/2024\/11\/MG_2779-scaled-e1730899670347-1024x657.jpg 1024w, https:\/\/velafrica.ch\/wp-content\/uploads\/2024\/11\/MG_2779-scaled-e1730899670347-600x385.jpg 600w, https:\/\/velafrica.ch\/wp-content\/uploads\/2024\/11\/MG_2779-scaled-e1730899670347-768x493.jpg 768w, https:\/\/velafrica.ch\/wp-content\/uploads\/2024\/11\/MG_2779-scaled-e1730899670347-1536x985.jpg 1536w, https:\/\/velafrica.ch\/wp-content\/uploads\/2024\/11\/MG_2779-scaled-e1730899670347-2048x1313.jpg 2048w, https:\/\/velafrica.ch\/wp-content\/uploads\/2024\/11\/MG_2779-scaled-e1730899670347-300x192.jpg 300w\" sizes=\"auto, (max-width: 1024px) 100vw, 1024px\" \/><\/figure>\n<\/div>\n\n\n\n<div class=\"wp-block-column is-layout-flow wp-block-column-is-layout-flow\" style=\"flex-basis:50%\">\n<p>La vente des plants permet aux femmes de la coop\u00e9rative d&rsquo;avoir leur propre revenu. Avec ce <strong>capital de d\u00e9part,<\/strong> elles ouvrent leurs propres petites entreprises.<\/p>\n\n\n\n<p>Upamba, du \u00abUpendo Women&rsquo;s Group\u00bb, a ainsi transform\u00e9 son v\u00e9lo en <strong>une glaci\u00e8re mobile<\/strong> qui dessert les \u00e9coles des environs. La paysanne Teresia a pu s&rsquo;offrir de <strong>nouvelles semences<\/strong> et, gr\u00e2ce au v\u00e9lo, mettre davantage de marchandises sur le march\u00e9. Irene peut livrer plus rapidement \u00e0 ses clients <strong>les cr\u00eapes<\/strong> qu&rsquo;elle a pr\u00e9par\u00e9es elle-m\u00eame.<\/p>\n<\/div>\n<\/div>\n<\/div><\/div>\n\n\n\n<div class=\"wp-block-group\"><div class=\"wp-block-group__inner-container is-layout-constrained wp-block-group-is-layout-constrained\">\r\n\t\t<div  class=\"block-75efdd2e-0905-4829-981c-c087f41a8827 col areoi-element\">\r\n\t\t\t\r\n\t\t<div class=\"areoi-background  \">\r\n\t\t\t<div class=\"container-fluid\" style=\"padding: 0;\">\r\n\t\t\t\t<div class=\"row justify-content-center\">\r\n\t\t\t\t\t<div class=\"col \">\r\n\t\t\t            <div class=\"areoi-background__color\" \r\n\t                        \tstyle=\"background: rgba(239, 109, 33,0.09)\">\r\n\t                        <\/div>\r\n\r\n\t                    \r\n\r\n\t                    \r\n\r\n\t                    \r\n\t    \t\t\t<\/div>\r\n\t    \t\t<\/div>\r\n\t    \t<\/div>\r\n\t    <\/div>\r\n\t\r\n\t\t\t\n\n<h2 class=\"wp-block-heading has-text-align-left\" id=\"key-figures-bikefortrees\">Faits et chiffres<\/h2>\n\n\n\n<div class=\"wp-block-columns is-layout-flex wp-container-core-columns-is-layout-9d6595d7 wp-block-columns-is-layout-flex\">\n<div class=\"wp-block-column is-vertically-aligned-top is-layout-flow wp-block-column-is-layout-flow\">\n<p><strong>Statut<\/strong> Termin\u00e9 <br><strong>Pays du projet<\/strong> Tanzanie<br><strong>Partenaire du projet<\/strong> <a href=\"https:\/\/abcimpact.or.tz\/\" data-type=\"link\" data-id=\"https:\/\/abcimpact.or.tz\/\" target=\"_blank\" rel=\"noreferrer noopener\">ABC Impact<\/a><\/p>\n<\/div>\n\n\n\n<div class=\"wp-block-column is-layout-flow wp-block-column-is-layout-flow\">\n<p><strong>V\u00e9los distribu\u00e9s<\/strong> 50<br><strong>B\u00e9n\u00e9ficiaire<\/strong> Upendo Women&rsquo;s Group<br><strong>Nombre d&rsquo;arbres plant\u00e9s<\/strong> 4000+<\/p>\n<\/div>\n<\/div>\n\n\n\n<p><strong>R\u00e9alis\u00e9 gr\u00e2ce \u00e0<\/strong> des donateurs priv\u00e9s et institutionnels.<\/p>\n\n\n\n<p><strong>Objectifs de d\u00e9veloppement durable<br><\/strong>Le projet \u00abBike to School\u00bb a un impact direct sur les <a href=\"https:\/\/unric.org\/fr\/developpement-durable\/\" target=\"_blank\" rel=\"noreferrer noopener\">ODD<\/a> suivants des Nations Unies: 1, 5, 8, 10, 11, 13.<\/p>\n\n\n\n<div class=\"wp-block-group is-layout-grid wp-container-core-group-is-layout-8bef542a wp-block-group-is-layout-grid\">\n<figure class=\"wp-block-image size-full\"><img loading=\"lazy\" decoding=\"async\" width=\"2560\" height=\"2560\" src=\"https:\/\/velafrica.ch\/wp-content\/uploads\/2025\/05\/F_SDG_PRINT-01-scaled.jpg\" alt=\"\" class=\"wp-image-22894\" srcset=\"https:\/\/velafrica.ch\/wp-content\/uploads\/2025\/05\/F_SDG_PRINT-01-scaled.jpg 2560w, https:\/\/velafrica.ch\/wp-content\/uploads\/2025\/05\/F_SDG_PRINT-01-600x600.jpg 600w, https:\/\/velafrica.ch\/wp-content\/uploads\/2025\/05\/F_SDG_PRINT-01-1024x1024.jpg 1024w, https:\/\/velafrica.ch\/wp-content\/uploads\/2025\/05\/F_SDG_PRINT-01-420x420.jpg 420w, https:\/\/velafrica.ch\/wp-content\/uploads\/2025\/05\/F_SDG_PRINT-01-768x768.jpg 768w, https:\/\/velafrica.ch\/wp-content\/uploads\/2025\/05\/F_SDG_PRINT-01-1536x1536.jpg 1536w, https:\/\/velafrica.ch\/wp-content\/uploads\/2025\/05\/F_SDG_PRINT-01-2048x2048.jpg 2048w, https:\/\/velafrica.ch\/wp-content\/uploads\/2025\/05\/F_SDG_PRINT-01-300x300.jpg 300w, https:\/\/velafrica.ch\/wp-content\/uploads\/2025\/05\/F_SDG_PRINT-01-100x100.jpg 100w\" sizes=\"auto, (max-width: 2560px) 100vw, 2560px\" \/><\/figure>\n\n\n\n<figure class=\"wp-block-image size-full\"><img loading=\"lazy\" decoding=\"async\" width=\"2560\" height=\"2560\" src=\"https:\/\/velafrica.ch\/wp-content\/uploads\/2025\/05\/F_SDG_PRINT-05-scaled.jpg\" alt=\"\" class=\"wp-image-22906\" srcset=\"https:\/\/velafrica.ch\/wp-content\/uploads\/2025\/05\/F_SDG_PRINT-05-scaled.jpg 2560w, https:\/\/velafrica.ch\/wp-content\/uploads\/2025\/05\/F_SDG_PRINT-05-600x600.jpg 600w, https:\/\/velafrica.ch\/wp-content\/uploads\/2025\/05\/F_SDG_PRINT-05-1024x1024.jpg 1024w, https:\/\/velafrica.ch\/wp-content\/uploads\/2025\/05\/F_SDG_PRINT-05-420x420.jpg 420w, https:\/\/velafrica.ch\/wp-content\/uploads\/2025\/05\/F_SDG_PRINT-05-768x768.jpg 768w, https:\/\/velafrica.ch\/wp-content\/uploads\/2025\/05\/F_SDG_PRINT-05-1536x1536.jpg 1536w, https:\/\/velafrica.ch\/wp-content\/uploads\/2025\/05\/F_SDG_PRINT-05-2048x2048.jpg 2048w, https:\/\/velafrica.ch\/wp-content\/uploads\/2025\/05\/F_SDG_PRINT-05-300x300.jpg 300w, https:\/\/velafrica.ch\/wp-content\/uploads\/2025\/05\/F_SDG_PRINT-05-100x100.jpg 100w\" sizes=\"auto, (max-width: 2560px) 100vw, 2560px\" \/><\/figure>\n\n\n\n<figure class=\"wp-block-image size-full\"><img loading=\"lazy\" decoding=\"async\" width=\"2560\" height=\"2560\" src=\"https:\/\/velafrica.ch\/wp-content\/uploads\/2025\/05\/F_SDG_PRINT-08-scaled.jpg\" alt=\"\" class=\"wp-image-22910\" srcset=\"https:\/\/velafrica.ch\/wp-content\/uploads\/2025\/05\/F_SDG_PRINT-08-scaled.jpg 2560w, https:\/\/velafrica.ch\/wp-content\/uploads\/2025\/05\/F_SDG_PRINT-08-600x600.jpg 600w, https:\/\/velafrica.ch\/wp-content\/uploads\/2025\/05\/F_SDG_PRINT-08-1024x1024.jpg 1024w, https:\/\/velafrica.ch\/wp-content\/uploads\/2025\/05\/F_SDG_PRINT-08-420x420.jpg 420w, https:\/\/velafrica.ch\/wp-content\/uploads\/2025\/05\/F_SDG_PRINT-08-768x768.jpg 768w, https:\/\/velafrica.ch\/wp-content\/uploads\/2025\/05\/F_SDG_PRINT-08-1536x1536.jpg 1536w, https:\/\/velafrica.ch\/wp-content\/uploads\/2025\/05\/F_SDG_PRINT-08-2048x2048.jpg 2048w, https:\/\/velafrica.ch\/wp-content\/uploads\/2025\/05\/F_SDG_PRINT-08-300x300.jpg 300w, https:\/\/velafrica.ch\/wp-content\/uploads\/2025\/05\/F_SDG_PRINT-08-100x100.jpg 100w\" sizes=\"auto, (max-width: 2560px) 100vw, 2560px\" \/><\/figure>\n\n\n\n<figure class=\"wp-block-image size-full\"><img loading=\"lazy\" decoding=\"async\" width=\"2560\" height=\"2560\" src=\"https:\/\/velafrica.ch\/wp-content\/uploads\/2025\/05\/F_SDG_PRINT-10-scaled.jpg\" alt=\"\" class=\"wp-image-22918\" srcset=\"https:\/\/velafrica.ch\/wp-content\/uploads\/2025\/05\/F_SDG_PRINT-10-scaled.jpg 2560w, https:\/\/velafrica.ch\/wp-content\/uploads\/2025\/05\/F_SDG_PRINT-10-600x600.jpg 600w, https:\/\/velafrica.ch\/wp-content\/uploads\/2025\/05\/F_SDG_PRINT-10-1024x1024.jpg 1024w, https:\/\/velafrica.ch\/wp-content\/uploads\/2025\/05\/F_SDG_PRINT-10-420x420.jpg 420w, https:\/\/velafrica.ch\/wp-content\/uploads\/2025\/05\/F_SDG_PRINT-10-768x768.jpg 768w, https:\/\/velafrica.ch\/wp-content\/uploads\/2025\/05\/F_SDG_PRINT-10-1536x1536.jpg 1536w, https:\/\/velafrica.ch\/wp-content\/uploads\/2025\/05\/F_SDG_PRINT-10-2048x2048.jpg 2048w, https:\/\/velafrica.ch\/wp-content\/uploads\/2025\/05\/F_SDG_PRINT-10-300x300.jpg 300w, https:\/\/velafrica.ch\/wp-content\/uploads\/2025\/05\/F_SDG_PRINT-10-100x100.jpg 100w\" sizes=\"auto, (max-width: 2560px) 100vw, 2560px\" \/><\/figure>\n\n\n\n<figure class=\"wp-block-image size-full\"><img loading=\"lazy\" decoding=\"async\" width=\"2560\" height=\"2560\" src=\"https:\/\/velafrica.ch\/wp-content\/uploads\/2025\/05\/F_SDG_PRINT-11-scaled.jpg\" alt=\"\" class=\"wp-image-22922\" srcset=\"https:\/\/velafrica.ch\/wp-content\/uploads\/2025\/05\/F_SDG_PRINT-11-scaled.jpg 2560w, https:\/\/velafrica.ch\/wp-content\/uploads\/2025\/05\/F_SDG_PRINT-11-600x600.jpg 600w, https:\/\/velafrica.ch\/wp-content\/uploads\/2025\/05\/F_SDG_PRINT-11-1024x1024.jpg 1024w, https:\/\/velafrica.ch\/wp-content\/uploads\/2025\/05\/F_SDG_PRINT-11-420x420.jpg 420w, https:\/\/velafrica.ch\/wp-content\/uploads\/2025\/05\/F_SDG_PRINT-11-768x768.jpg 768w, https:\/\/velafrica.ch\/wp-content\/uploads\/2025\/05\/F_SDG_PRINT-11-1536x1536.jpg 1536w, https:\/\/velafrica.ch\/wp-content\/uploads\/2025\/05\/F_SDG_PRINT-11-2048x2048.jpg 2048w, https:\/\/velafrica.ch\/wp-content\/uploads\/2025\/05\/F_SDG_PRINT-11-300x300.jpg 300w, https:\/\/velafrica.ch\/wp-content\/uploads\/2025\/05\/F_SDG_PRINT-11-100x100.jpg 100w\" sizes=\"auto, (max-width: 2560px) 100vw, 2560px\" \/><\/figure>\n\n\n\n<figure class=\"wp-block-image size-full\"><img loading=\"lazy\" decoding=\"async\" width=\"2560\" height=\"2560\" src=\"https:\/\/velafrica.ch\/wp-content\/uploads\/2025\/05\/F_SDG_PRINT-13-scaled.jpg\" alt=\"\" class=\"wp-image-22930\" srcset=\"https:\/\/velafrica.ch\/wp-content\/uploads\/2025\/05\/F_SDG_PRINT-13-scaled.jpg 2560w, https:\/\/velafrica.ch\/wp-content\/uploads\/2025\/05\/F_SDG_PRINT-13-600x600.jpg 600w, https:\/\/velafrica.ch\/wp-content\/uploads\/2025\/05\/F_SDG_PRINT-13-1024x1024.jpg 1024w, https:\/\/velafrica.ch\/wp-content\/uploads\/2025\/05\/F_SDG_PRINT-13-420x420.jpg 420w, https:\/\/velafrica.ch\/wp-content\/uploads\/2025\/05\/F_SDG_PRINT-13-768x768.jpg 768w, https:\/\/velafrica.ch\/wp-content\/uploads\/2025\/05\/F_SDG_PRINT-13-1536x1536.jpg 1536w, https:\/\/velafrica.ch\/wp-content\/uploads\/2025\/05\/F_SDG_PRINT-13-2048x2048.jpg 2048w, https:\/\/velafrica.ch\/wp-content\/uploads\/2025\/05\/F_SDG_PRINT-13-300x300.jpg 300w, https:\/\/velafrica.ch\/wp-content\/uploads\/2025\/05\/F_SDG_PRINT-13-100x100.jpg 100w\" sizes=\"auto, (max-width: 2560px) 100vw, 2560px\" \/><\/figure>\n<\/div>\n\n \r\n\t\t\t\r\n\t\t<\/div>\r\n\t<\/div><\/div>\n\n\n\n<div style=\"height:1.5em\" aria-hidden=\"true\" class=\"wp-block-spacer\"><\/div>\n\n\n\n<div class=\"wp-block-buttons is-content-justification-center is-layout-flex wp-container-core-buttons-is-layout-16018d1d wp-block-buttons-is-layout-flex\">\n<div class=\"wp-block-button has-custom-width wp-block-button__width-100 is-style-outline is-style-outline--2\"><a class=\"wp-block-button__link has-white-color has-luminous-vivid-orange-background-color has-text-color has-background has-custom-font-size wp-element-button\" href=\"https:\/\/velafrica.ch\/fr\/comment-nous-aider\/dons-en-argent\/\" style=\"border-radius:40px;font-size:2em\"><strong>Soutenir le projet<\/strong><\/a><\/div>\n<\/div>\n\n\n\n<p><\/p>\n","protected":false},"excerpt":{"rendered":"<p>Le projet \u00abBike for Trees\u00bb promeut la force \u00e9conomique des femmes. Parall\u00e8lement, le projet est un moyen de lutter contre [&#8230;]<\/p>\n<p><a class=\"btn btn-secondary understrap-read-more-link\" href=\"https:\/\/velafrica.ch\/fr\/ce-que-nous-faisons\/bike-for-trees\/\">Lire la suite\u2026<span class=\"screen-reader-text\"> from Bike for Trees<\/span><\/a><\/p>\n","protected":false},"author":27,"featured_media":23402,"parent":6165,"menu_order":0,"comment_status":"closed","ping_status":"closed","template":"","meta":{"_acf_changed":false,"footnotes":""},"class_list":["post-23372","page","type-page","status-publish","has-post-thumbnail","hentry"],"acf":[],"_links":{"self":[{"href":"https:\/\/velafrica.ch\/fr\/wp-json\/wp\/v2\/pages\/23372","targetHints":{"allow":["GET"]}}],"collection":[{"href":"https:\/\/velafrica.ch\/fr\/wp-json\/wp\/v2\/pages"}],"about":[{"href":"https:\/\/velafrica.ch\/fr\/wp-json\/wp\/v2\/types\/page"}],"author":[{"embeddable":true,"href":"https:\/\/velafrica.ch\/fr\/wp-json\/wp\/v2\/users\/27"}],"replies":[{"embeddable":true,"href":"https:\/\/velafrica.ch\/fr\/wp-json\/wp\/v2\/comments?post=23372"}],"version-history":[{"count":3,"href":"https:\/\/velafrica.ch\/fr\/wp-json\/wp\/v2\/pages\/23372\/revisions"}],"predecessor-version":[{"id":23889,"href":"https:\/\/velafrica.ch\/fr\/wp-json\/wp\/v2\/pages\/23372\/revisions\/23889"}],"up":[{"embeddable":true,"href":"https:\/\/velafrica.ch\/fr\/wp-json\/wp\/v2\/pages\/6165"}],"wp:featuredmedia":[{"embeddable":true,"href":"https:\/\/velafrica.ch\/fr\/wp-json\/wp\/v2\/media\/23402"}],"wp:attachment":[{"href":"https:\/\/velafrica.ch\/fr\/wp-json\/wp\/v2\/media?parent=23372"}],"curies":[{"name":"wp","href":"https:\/\/api.w.org\/{rel}","templated":true}]}}