{"id":22873,"date":"2025-06-12T15:23:40","date_gmt":"2025-06-12T13:23:40","guid":{"rendered":"https:\/\/velafrica.ch\/?page_id=22873"},"modified":"2026-03-05T17:43:51","modified_gmt":"2026-03-05T16:43:51","slug":"bike-to-school","status":"publish","type":"page","link":"https:\/\/velafrica.ch\/fr\/ce-que-nous-faisons\/bike-to-school\/","title":{"rendered":"Bike to School"},"content":{"rendered":"\n<p>En moyenne, les \u00e9l\u00e8ves de Tanzanie et de Madagascar mettent environ <strong>102 minutes<\/strong> pour se rendre \u00e0 l&rsquo;\u00e9cole \u00e0 pied. C&rsquo;est 90 minutes de plus que les \u00e9l\u00e8ves suisses. Les trajets scolaires sont souvent longs et p\u00e9nibles, mais aussi <strong>dangereux<\/strong> \u2013 en particulier pour les filles.<\/p>\n\n\n\n<p><a id=\"_msocom_1\"><\/a><\/p>\n\n\n\n<div class=\"wp-block-columns is-layout-flex wp-container-core-columns-is-layout-9d6595d7 wp-block-columns-is-layout-flex\">\n<div class=\"wp-block-column is-layout-flow wp-block-column-is-layout-flow\" style=\"flex-basis:50%\">\n<figure class=\"wp-block-image\"><img loading=\"lazy\" decoding=\"async\" width=\"1024\" height=\"683\" src=\"https:\/\/velafrica.ch\/wp-content\/uploads\/2020\/11\/Velafrica_Bike-to-School_Mariam-Nsimba-Haruna_Chimwemwe-Mkandawire-1024x683.jpg\" alt=\"\" class=\"wp-image-6583\" srcset=\"https:\/\/velafrica.ch\/wp-content\/uploads\/2020\/11\/Velafrica_Bike-to-School_Mariam-Nsimba-Haruna_Chimwemwe-Mkandawire-1024x683.jpg 1024w, https:\/\/velafrica.ch\/wp-content\/uploads\/2020\/11\/Velafrica_Bike-to-School_Mariam-Nsimba-Haruna_Chimwemwe-Mkandawire-300x200.jpg 300w, https:\/\/velafrica.ch\/wp-content\/uploads\/2020\/11\/Velafrica_Bike-to-School_Mariam-Nsimba-Haruna_Chimwemwe-Mkandawire-768x512.jpg 768w, https:\/\/velafrica.ch\/wp-content\/uploads\/2020\/11\/Velafrica_Bike-to-School_Mariam-Nsimba-Haruna_Chimwemwe-Mkandawire-600x400.jpg 600w, https:\/\/velafrica.ch\/wp-content\/uploads\/2020\/11\/Velafrica_Bike-to-School_Mariam-Nsimba-Haruna_Chimwemwe-Mkandawire.jpg 1200w\" sizes=\"auto, (max-width: 1024px) 100vw, 1024px\" \/><\/figure>\n<\/div>\n\n\n\n<div class=\"wp-block-column is-layout-flow wp-block-column-is-layout-flow\" style=\"flex-basis:50%\">\n<p>Mariam Nsimba Haruna (photo), par exemple, parcourait chaque jour trois heures et demie \u00e0 pied pour se rendre \u00e0 l&rsquo;\u00e9cole.<\/p>\n\n\n\n<p>Le programme \u00abBike to School\u00bb veille \u00e0 ce que les enfants et les jeunes issus de familles touch\u00e9es par la pr\u00e9carit\u00e9, souvent dans un milieu rural, obtiennent un v\u00e9lo \u00e0 prix r\u00e9duit. Avec un v\u00e9lo, les \u00e9l\u00e8ves peuvent se rendre <strong>plus rapidement et en s\u00e9curit\u00e9<\/strong> \u00e0 l&rsquo;\u00e9cole. Ils disposent ainsi de plus de temps et d&rsquo;\u00e9nergie qu&rsquo;ils peuvent <strong>investir dans leur formation<\/strong>.<\/p>\n<\/div>\n<\/div>\n\n\n\n<p id=\"flyingmechanics\">Nous travaillons en \u00e9troite collaboration avec diff\u00e9rentes <a href=\"https:\/\/velafrica.ch\/fr\/ce-que-nous-faisons\/9-partenaires-dans-7-pays\/\">organisations partenaires<\/a>. En Tanzanie, il s&rsquo;agit du <strong>Vijana Bicycle Center<\/strong> et de l&rsquo;<strong>ABC Bicycle Company<\/strong> et \u00e0 Madagascar du <strong>Centre Risika<\/strong>. Nos partenaires pr\u00e9parent les v\u00e9los, coordonnent et organisent la distribution aux \u00e9l\u00e8ves. Avec les \u00abm\u00e9caniciens volants\u00bb (Flying Mechanics), ils s&rsquo;occupent de l&rsquo;entretien et des r\u00e9parations des v\u00e9los.<\/p>\n\n\n\n<div class=\"wp-block-columns is-layout-flex wp-container-core-columns-is-layout-9d6595d7 wp-block-columns-is-layout-flex\">\n<div class=\"wp-block-column is-layout-flow wp-block-column-is-layout-flow\">\n<figure class=\"wp-block-image size-large\"><img loading=\"lazy\" decoding=\"async\" width=\"1024\" height=\"576\" src=\"https:\/\/velafrica.ch\/wp-content\/uploads\/2024\/10\/NYOTA-8-1024x576.jpg\" alt=\"\" class=\"wp-image-20663\" srcset=\"https:\/\/velafrica.ch\/wp-content\/uploads\/2024\/10\/NYOTA-8-1024x576.jpg 1024w, https:\/\/velafrica.ch\/wp-content\/uploads\/2024\/10\/NYOTA-8-600x338.jpg 600w, https:\/\/velafrica.ch\/wp-content\/uploads\/2024\/10\/NYOTA-8-768x432.jpg 768w, https:\/\/velafrica.ch\/wp-content\/uploads\/2024\/10\/NYOTA-8-1536x864.jpg 1536w, https:\/\/velafrica.ch\/wp-content\/uploads\/2024\/10\/NYOTA-8-300x169.jpg 300w, https:\/\/velafrica.ch\/wp-content\/uploads\/2024\/10\/NYOTA-8.jpg 1920w\" sizes=\"auto, (max-width: 1024px) 100vw, 1024px\" \/><\/figure>\n<\/div>\n\n\n\n<div class=\"wp-block-column is-layout-flow wp-block-column-is-layout-flow\">\n<p>Au cours des cinq premi\u00e8res ann\u00e9es du projet (2020-2025), nous avons pu, avec nos partenaires, fournir un v\u00e9lo \u00e0 <strong>plus de 10&rsquo;000 \u00e9l\u00e8ves <\/strong>dont les deux tiers sont des jeunes femmes.<\/p>\n\n\n\n<p>L&rsquo;une d&rsquo;entre elles est Nyota (photo), une \u00e9l\u00e8ve de 15 ans originaire de Tanzanie. Dans son <a href=\"https:\/\/www.youtube.com\/watch?v=ICm8uNPDKuE\" target=\"_blank\" rel=\"noreferrer noopener\">portrait sur YouTube<\/a> (sous-titr\u00e9 en allemand), elle raconte comment le v\u00e9lo a chang\u00e9 sa <a>vie<\/a>.<\/p>\n<\/div>\n<\/div>\n\n\n\n<p id=\"soziale-nachhaltigkeit\"><\/p>\n\n\n\n<div class=\"wp-block-buttons is-content-justification-center is-layout-flex wp-container-core-buttons-is-layout-16018d1d wp-block-buttons-is-layout-flex\">\n<div class=\"wp-block-button has-custom-width wp-block-button__width-75 is-style-outline is-style-outline--1\"><a class=\"wp-block-button__link has-white-color has-luminous-vivid-orange-background-color has-text-color has-background has-custom-font-size wp-element-button\" href=\"#faitsetchiffres\" style=\"border-radius:40px;font-size:22px\"><strong>Faits et chiffres<\/strong><\/a><\/div>\n<\/div>\n\n\n\n<div style=\"height:50px\" aria-hidden=\"true\" class=\"wp-block-spacer\"><\/div>\n\n\n\n<h3 class=\"wp-block-heading\" id=\"flyingmechanics\"><strong>Des \u00abm\u00e9caniciens volants\u00bb pour les \u00e9coles isol\u00e9es<\/strong><\/h3>\n\n\n\n<p>Les v\u00e9los ont besoin d&rsquo;\u00eatre entretenus et r\u00e9par\u00e9s. Ce service permet aux \u00e9l\u00e8ves et \u00e0 leurs familles de profiter longtemps de leurs v\u00e9los.<\/p>\n\n\n\n<div class=\"wp-block-columns is-layout-flex wp-container-core-columns-is-layout-9d6595d7 wp-block-columns-is-layout-flex\">\n<div class=\"wp-block-column is-layout-flow wp-block-column-is-layout-flow\">\n<figure class=\"wp-block-image size-large\"><img loading=\"lazy\" decoding=\"async\" width=\"1024\" height=\"768\" src=\"https:\/\/velafrica.ch\/wp-content\/uploads\/2026\/03\/Jackline-2-1024x768.jpg\" alt=\"\" class=\"wp-image-26168\" srcset=\"https:\/\/velafrica.ch\/wp-content\/uploads\/2026\/03\/Jackline-2-1024x768.jpg 1024w, https:\/\/velafrica.ch\/wp-content\/uploads\/2026\/03\/Jackline-2-600x450.jpg 600w, https:\/\/velafrica.ch\/wp-content\/uploads\/2026\/03\/Jackline-2-768x576.jpg 768w, https:\/\/velafrica.ch\/wp-content\/uploads\/2026\/03\/Jackline-2-300x225.jpg 300w, https:\/\/velafrica.ch\/wp-content\/uploads\/2026\/03\/Jackline-2.jpg 1200w\" sizes=\"auto, (max-width: 1024px) 100vw, 1024px\" \/><\/figure>\n<\/div>\n\n\n\n<div class=\"wp-block-column is-layout-flow wp-block-column-is-layout-flow\">\n<p>C&rsquo;est pourquoi des <strong>m\u00e9caniciens form\u00e9s<\/strong>, comme Jackline Leonard de notre entreprise partenaire locale Arusha Bicycle Center, se rendent r\u00e9guli\u00e8rement dans les \u00e9coles isol\u00e9es.<\/p>\n\n\n\n<p>Nous appelons ces m\u00e9caniciens <strong>\u00abFlying Mechanics\u00bb<\/strong> (m\u00e9caniciens volants). Nombre d&rsquo;entre eux ont suivi leur formation dans le cadre de l&rsquo;un de nos programmes de formation professionnelle.<\/p>\n<\/div>\n<\/div>\n\n\n\n<h3 class=\"wp-block-heading\" id=\"nachhaltigkeit-schweiz\">Durabilit\u00e9 en Suisse<\/h3>\n\n\n\n<p>Le projet remet en \u00e9tat les v\u00e9los r\u00e9colt\u00e9s de mani\u00e8re \u00e0 leur donner une nouvelle vie et les pi\u00e8ces d\u00e9tach\u00e9s n\u00e9cessaires.Mais le programme \u00abBike to School\u00bb favorise \u00e9galement la durabilit\u00e9 sociale en Suisse: pour le traitement des <a>v\u00e9los<\/a>, nous collaborons avec 27 entreprises sociales d&rsquo;insertion professionnelle et 11 \u00e9tablissements p\u00e9nitentiaires. Dans les ateliers de v\u00e9los aupr\u00e8s des entreprises partenaires, <strong>250 emplois <\/strong>sont ainsi cr\u00e9\u00e9s.<\/p>\n\n\n\n<div class=\"wp-block-group\"><div class=\"wp-block-group__inner-container is-layout-constrained wp-block-group-is-layout-constrained\">\r\n\t\t<div  class=\"block-75efdd2e-0905-4829-981c-c087f41a8827 col areoi-element\">\r\n\t\t\t\r\n\t\t<div class=\"areoi-background  \">\r\n\t\t\t<div class=\"container-fluid\" style=\"padding: 0;\">\r\n\t\t\t\t<div class=\"row justify-content-center\">\r\n\t\t\t\t\t<div class=\"col \">\r\n\t\t\t            <div class=\"areoi-background__color\" \r\n\t                        \tstyle=\"background: rgba(239, 109, 35,0.09)\">\r\n\t                        <\/div>\r\n\r\n\t                    \r\n\r\n\t                    \r\n\r\n\t                    \r\n\t    \t\t\t<\/div>\r\n\t    \t\t<\/div>\r\n\t    \t<\/div>\r\n\t    <\/div>\r\n\t\r\n\t\t\t\n\n<h2 class=\"wp-block-heading has-text-align-left\" id=\"factsandfigures\">Faits et chiffres<\/h2>\n\n\n\n<div class=\"wp-block-columns is-layout-flex wp-container-core-columns-is-layout-9d6595d7 wp-block-columns-is-layout-flex\">\n<div class=\"wp-block-column is-vertically-aligned-top is-layout-flow wp-block-column-is-layout-flow\">\n<p><strong>Projet actif <\/strong>depuis 2019<br><strong>Pays du projet <\/strong><br>Burkina Faso, Madagascar, Tanzanie<\/p>\n\n\n\n<p><strong>Partenaires du projet<br><\/strong><a href=\"https:\/\/fasovelo.bf\/\" data-type=\"link\" data-id=\"https:\/\/fasovelo.bf\/\" target=\"_blank\" rel=\"noreferrer noopener\">Faso Velo<\/a>, Centre Risika, <a href=\"https:\/\/abcimpact.or.tz\/\" data-type=\"link\" data-id=\"https:\/\/abcimpact.or.tz\/\" target=\"_blank\" rel=\"noreferrer noopener\">ABC Impact<\/a>, <a href=\"https:\/\/vbc.mystrikingly.com\/\" data-type=\"link\" data-id=\"https:\/\/vbc.mystrikingly.com\/\" target=\"_blank\" rel=\"noreferrer noopener\">Vijana Bicycle Center<\/a><\/p>\n\n\n\n<p><strong>Nombre de v\u00e9los distribu\u00e9s<br><\/strong>11&rsquo;082 (\u00e9tat mars 2026)<br><\/p>\n<\/div>\n\n\n\n<div class=\"wp-block-column is-layout-flow wp-block-column-is-layout-flow\">\n<p><strong>Nombre d&rsquo;\u00e9coles livr\u00e9es<\/strong><br>270 (\u00e9tat mars 2026)<\/p>\n\n\n\n<p><strong>\u00c2ge moyen des b\u00e9n\u00e9ficiaires<\/strong><br>15 ans<br><br><strong>R\u00e9partition par sexe<\/strong> <br>Deux tiers des b\u00e9n\u00e9ficiaires sont des femmes.<br><\/p>\n<\/div>\n<\/div>\n\n\n\n<p><strong>R\u00e9alis\u00e9 gr\u00e2ce \u00e0<\/strong> des donateurs priv\u00e9s, une fondation familiale suisse et d&rsquo;autres institutions.<\/p>\n\n\n\n<p><strong>Objectifs de d\u00e9veloppement durable<br><\/strong>Le projet \u00abBike to School\u00bb a un impact direct sur les <a href=\"https:\/\/unric.org\/fr\/developpement-durable\/\" target=\"_blank\" rel=\"noreferrer noopener\">ODD<\/a> suivants des Nations Unies: 1, 3, 4, 5, 10, 11.<\/p>\n\n\n\n<div class=\"wp-block-group is-layout-grid wp-container-core-group-is-layout-8bef542a wp-block-group-is-layout-grid\">\n<figure class=\"wp-block-image size-full\"><a href=\"https:\/\/unric.org\/fr\/odd-1\/\" target=\"_blank\" rel=\"noreferrer noopener\"><img loading=\"lazy\" decoding=\"async\" width=\"2560\" height=\"2560\" src=\"https:\/\/velafrica.ch\/wp-content\/uploads\/2025\/05\/F_SDG_PRINT-01-scaled.jpg\" alt=\"\" class=\"wp-image-22894\" srcset=\"https:\/\/velafrica.ch\/wp-content\/uploads\/2025\/05\/F_SDG_PRINT-01-scaled.jpg 2560w, https:\/\/velafrica.ch\/wp-content\/uploads\/2025\/05\/F_SDG_PRINT-01-600x600.jpg 600w, https:\/\/velafrica.ch\/wp-content\/uploads\/2025\/05\/F_SDG_PRINT-01-1024x1024.jpg 1024w, https:\/\/velafrica.ch\/wp-content\/uploads\/2025\/05\/F_SDG_PRINT-01-420x420.jpg 420w, https:\/\/velafrica.ch\/wp-content\/uploads\/2025\/05\/F_SDG_PRINT-01-768x768.jpg 768w, https:\/\/velafrica.ch\/wp-content\/uploads\/2025\/05\/F_SDG_PRINT-01-1536x1536.jpg 1536w, https:\/\/velafrica.ch\/wp-content\/uploads\/2025\/05\/F_SDG_PRINT-01-2048x2048.jpg 2048w, https:\/\/velafrica.ch\/wp-content\/uploads\/2025\/05\/F_SDG_PRINT-01-300x300.jpg 300w, https:\/\/velafrica.ch\/wp-content\/uploads\/2025\/05\/F_SDG_PRINT-01-100x100.jpg 100w\" sizes=\"auto, (max-width: 2560px) 100vw, 2560px\" \/><\/a><\/figure>\n\n\n\n<figure class=\"wp-block-image size-full\"><a href=\"https:\/\/unric.org\/fr\/odd-3\/\" target=\"_blank\" rel=\"noreferrer noopener\"><img loading=\"lazy\" decoding=\"async\" width=\"2560\" height=\"2560\" src=\"https:\/\/velafrica.ch\/wp-content\/uploads\/2025\/05\/F_SDG_PRINT-03-scaled.jpg\" alt=\"\" class=\"wp-image-22898\" srcset=\"https:\/\/velafrica.ch\/wp-content\/uploads\/2025\/05\/F_SDG_PRINT-03-scaled.jpg 2560w, https:\/\/velafrica.ch\/wp-content\/uploads\/2025\/05\/F_SDG_PRINT-03-600x600.jpg 600w, https:\/\/velafrica.ch\/wp-content\/uploads\/2025\/05\/F_SDG_PRINT-03-1024x1024.jpg 1024w, https:\/\/velafrica.ch\/wp-content\/uploads\/2025\/05\/F_SDG_PRINT-03-420x420.jpg 420w, https:\/\/velafrica.ch\/wp-content\/uploads\/2025\/05\/F_SDG_PRINT-03-768x768.jpg 768w, https:\/\/velafrica.ch\/wp-content\/uploads\/2025\/05\/F_SDG_PRINT-03-1536x1536.jpg 1536w, https:\/\/velafrica.ch\/wp-content\/uploads\/2025\/05\/F_SDG_PRINT-03-2048x2048.jpg 2048w, https:\/\/velafrica.ch\/wp-content\/uploads\/2025\/05\/F_SDG_PRINT-03-300x300.jpg 300w, https:\/\/velafrica.ch\/wp-content\/uploads\/2025\/05\/F_SDG_PRINT-03-100x100.jpg 100w\" sizes=\"auto, (max-width: 2560px) 100vw, 2560px\" \/><\/a><\/figure>\n\n\n\n<figure class=\"wp-block-image size-full\"><a href=\"https:\/\/unric.org\/fr\/odd-4\/\" target=\"_blank\" rel=\"noreferrer noopener\"><img loading=\"lazy\" decoding=\"async\" width=\"2560\" height=\"2560\" src=\"https:\/\/velafrica.ch\/wp-content\/uploads\/2025\/05\/F_SDG_PRINT-04-scaled.jpg\" alt=\"\" class=\"wp-image-22902\" srcset=\"https:\/\/velafrica.ch\/wp-content\/uploads\/2025\/05\/F_SDG_PRINT-04-scaled.jpg 2560w, https:\/\/velafrica.ch\/wp-content\/uploads\/2025\/05\/F_SDG_PRINT-04-600x600.jpg 600w, https:\/\/velafrica.ch\/wp-content\/uploads\/2025\/05\/F_SDG_PRINT-04-1024x1024.jpg 1024w, https:\/\/velafrica.ch\/wp-content\/uploads\/2025\/05\/F_SDG_PRINT-04-420x420.jpg 420w, https:\/\/velafrica.ch\/wp-content\/uploads\/2025\/05\/F_SDG_PRINT-04-768x768.jpg 768w, https:\/\/velafrica.ch\/wp-content\/uploads\/2025\/05\/F_SDG_PRINT-04-1536x1536.jpg 1536w, https:\/\/velafrica.ch\/wp-content\/uploads\/2025\/05\/F_SDG_PRINT-04-2048x2048.jpg 2048w, https:\/\/velafrica.ch\/wp-content\/uploads\/2025\/05\/F_SDG_PRINT-04-300x300.jpg 300w, https:\/\/velafrica.ch\/wp-content\/uploads\/2025\/05\/F_SDG_PRINT-04-100x100.jpg 100w\" sizes=\"auto, (max-width: 2560px) 100vw, 2560px\" \/><\/a><\/figure>\n\n\n\n<figure class=\"wp-block-image size-full\"><img loading=\"lazy\" decoding=\"async\" width=\"2560\" height=\"2560\" src=\"https:\/\/velafrica.ch\/wp-content\/uploads\/2025\/05\/F_SDG_PRINT-05-scaled.jpg\" alt=\"\" class=\"wp-image-22906\" srcset=\"https:\/\/velafrica.ch\/wp-content\/uploads\/2025\/05\/F_SDG_PRINT-05-scaled.jpg 2560w, https:\/\/velafrica.ch\/wp-content\/uploads\/2025\/05\/F_SDG_PRINT-05-600x600.jpg 600w, https:\/\/velafrica.ch\/wp-content\/uploads\/2025\/05\/F_SDG_PRINT-05-1024x1024.jpg 1024w, https:\/\/velafrica.ch\/wp-content\/uploads\/2025\/05\/F_SDG_PRINT-05-420x420.jpg 420w, https:\/\/velafrica.ch\/wp-content\/uploads\/2025\/05\/F_SDG_PRINT-05-768x768.jpg 768w, https:\/\/velafrica.ch\/wp-content\/uploads\/2025\/05\/F_SDG_PRINT-05-1536x1536.jpg 1536w, https:\/\/velafrica.ch\/wp-content\/uploads\/2025\/05\/F_SDG_PRINT-05-2048x2048.jpg 2048w, https:\/\/velafrica.ch\/wp-content\/uploads\/2025\/05\/F_SDG_PRINT-05-300x300.jpg 300w, https:\/\/velafrica.ch\/wp-content\/uploads\/2025\/05\/F_SDG_PRINT-05-100x100.jpg 100w\" sizes=\"auto, (max-width: 2560px) 100vw, 2560px\" \/><\/figure>\n\n\n\n<figure class=\"wp-block-image size-full\"><img loading=\"lazy\" decoding=\"async\" width=\"2560\" height=\"2560\" src=\"https:\/\/velafrica.ch\/wp-content\/uploads\/2025\/05\/F_SDG_PRINT-10-scaled.jpg\" alt=\"\" class=\"wp-image-22918\" srcset=\"https:\/\/velafrica.ch\/wp-content\/uploads\/2025\/05\/F_SDG_PRINT-10-scaled.jpg 2560w, https:\/\/velafrica.ch\/wp-content\/uploads\/2025\/05\/F_SDG_PRINT-10-600x600.jpg 600w, https:\/\/velafrica.ch\/wp-content\/uploads\/2025\/05\/F_SDG_PRINT-10-1024x1024.jpg 1024w, https:\/\/velafrica.ch\/wp-content\/uploads\/2025\/05\/F_SDG_PRINT-10-420x420.jpg 420w, https:\/\/velafrica.ch\/wp-content\/uploads\/2025\/05\/F_SDG_PRINT-10-768x768.jpg 768w, https:\/\/velafrica.ch\/wp-content\/uploads\/2025\/05\/F_SDG_PRINT-10-1536x1536.jpg 1536w, https:\/\/velafrica.ch\/wp-content\/uploads\/2025\/05\/F_SDG_PRINT-10-2048x2048.jpg 2048w, https:\/\/velafrica.ch\/wp-content\/uploads\/2025\/05\/F_SDG_PRINT-10-300x300.jpg 300w, https:\/\/velafrica.ch\/wp-content\/uploads\/2025\/05\/F_SDG_PRINT-10-100x100.jpg 100w\" sizes=\"auto, (max-width: 2560px) 100vw, 2560px\" \/><\/figure>\n\n\n\n<figure class=\"wp-block-image size-full\"><a href=\"https:\/\/unric.org\/fr\/odd-11\/\" target=\"_blank\" rel=\"noreferrer noopener\"><img loading=\"lazy\" decoding=\"async\" width=\"2560\" height=\"2560\" src=\"https:\/\/velafrica.ch\/wp-content\/uploads\/2025\/05\/F_SDG_PRINT-11-scaled.jpg\" alt=\"\" class=\"wp-image-22922\" srcset=\"https:\/\/velafrica.ch\/wp-content\/uploads\/2025\/05\/F_SDG_PRINT-11-scaled.jpg 2560w, https:\/\/velafrica.ch\/wp-content\/uploads\/2025\/05\/F_SDG_PRINT-11-600x600.jpg 600w, https:\/\/velafrica.ch\/wp-content\/uploads\/2025\/05\/F_SDG_PRINT-11-1024x1024.jpg 1024w, https:\/\/velafrica.ch\/wp-content\/uploads\/2025\/05\/F_SDG_PRINT-11-420x420.jpg 420w, https:\/\/velafrica.ch\/wp-content\/uploads\/2025\/05\/F_SDG_PRINT-11-768x768.jpg 768w, https:\/\/velafrica.ch\/wp-content\/uploads\/2025\/05\/F_SDG_PRINT-11-1536x1536.jpg 1536w, https:\/\/velafrica.ch\/wp-content\/uploads\/2025\/05\/F_SDG_PRINT-11-2048x2048.jpg 2048w, https:\/\/velafrica.ch\/wp-content\/uploads\/2025\/05\/F_SDG_PRINT-11-300x300.jpg 300w, https:\/\/velafrica.ch\/wp-content\/uploads\/2025\/05\/F_SDG_PRINT-11-100x100.jpg 100w\" sizes=\"auto, (max-width: 2560px) 100vw, 2560px\" \/><\/a><\/figure>\n<\/div>\n\n \r\n\t\t\t\r\n\t\t<\/div>\r\n\t<\/div><\/div>\n\n\n\n<div style=\"height:50px\" aria-hidden=\"true\" class=\"wp-block-spacer\"><\/div>\n\n\n\n<div class=\"wp-block-buttons is-content-justification-center is-layout-flex wp-container-core-buttons-is-layout-16018d1d wp-block-buttons-is-layout-flex\">\n<div class=\"wp-block-button has-custom-width wp-block-button__width-75 is-style-outline is-style-outline--2\"><a class=\"wp-block-button__link has-white-color has-luminous-vivid-orange-background-color has-text-color has-background has-custom-font-size wp-element-button\" href=\"https:\/\/velafrica.ch\/fr\/comment-nous-aider\/dons-en-argent\/\" style=\"border-radius:40px;font-size:22px\"><strong>Soutenir le projet<\/strong><\/a><\/div>\n<\/div>\n\n\n\n<p><\/p>\n","protected":false},"excerpt":{"rendered":"<p>En moyenne, les \u00e9l\u00e8ves de Tanzanie et de Madagascar mettent environ 102 minutes pour se rendre \u00e0 l&rsquo;\u00e9cole \u00e0 pied. [&#8230;]<\/p>\n<p><a class=\"btn btn-secondary understrap-read-more-link\" href=\"https:\/\/velafrica.ch\/fr\/ce-que-nous-faisons\/bike-to-school\/\">Lire la suite\u2026<span class=\"screen-reader-text\"> from Bike to School<\/span><\/a><\/p>\n","protected":false},"author":27,"featured_media":23362,"parent":6165,"menu_order":0,"comment_status":"closed","ping_status":"closed","template":"","meta":{"_acf_changed":false,"footnotes":""},"class_list":["post-22873","page","type-page","status-publish","has-post-thumbnail","hentry"],"acf":[],"_links":{"self":[{"href":"https:\/\/velafrica.ch\/fr\/wp-json\/wp\/v2\/pages\/22873","targetHints":{"allow":["GET"]}}],"collection":[{"href":"https:\/\/velafrica.ch\/fr\/wp-json\/wp\/v2\/pages"}],"about":[{"href":"https:\/\/velafrica.ch\/fr\/wp-json\/wp\/v2\/types\/page"}],"author":[{"embeddable":true,"href":"https:\/\/velafrica.ch\/fr\/wp-json\/wp\/v2\/users\/27"}],"replies":[{"embeddable":true,"href":"https:\/\/velafrica.ch\/fr\/wp-json\/wp\/v2\/comments?post=22873"}],"version-history":[{"count":6,"href":"https:\/\/velafrica.ch\/fr\/wp-json\/wp\/v2\/pages\/22873\/revisions"}],"predecessor-version":[{"id":26210,"href":"https:\/\/velafrica.ch\/fr\/wp-json\/wp\/v2\/pages\/22873\/revisions\/26210"}],"up":[{"embeddable":true,"href":"https:\/\/velafrica.ch\/fr\/wp-json\/wp\/v2\/pages\/6165"}],"wp:featuredmedia":[{"embeddable":true,"href":"https:\/\/velafrica.ch\/fr\/wp-json\/wp\/v2\/media\/23362"}],"wp:attachment":[{"href":"https:\/\/velafrica.ch\/fr\/wp-json\/wp\/v2\/media?parent=22873"}],"curies":[{"name":"wp","href":"https:\/\/api.w.org\/{rel}","templated":true}]}}