{"id":15845,"date":"2021-01-11T12:01:26","date_gmt":"2021-01-11T11:01:26","guid":{"rendered":"https:\/\/velafrica.ch\/comment-nous-aider\/transportauftrag\/"},"modified":"2025-03-25T12:01:00","modified_gmt":"2025-03-25T11:01:00","slug":"demande-de-transport","status":"publish","type":"page","link":"https:\/\/velafrica.ch\/fr\/comment-nous-aider\/demande-de-transport\/","title":{"rendered":"Demande de transport"},"content":{"rendered":"\n<p>Vous avez collect\u00e9 des v\u00e9los pour Velafrica et souhaitez que nous les r\u00e9cup\u00e9rions ? Alors vous \u00eates \u00e0 la bonne adresse. Veuillez remplir le formulaire en ligne, nous vous contacterons dans les prochains jours pour convenir d&rsquo;un rendez-vous.<\/p>\n\n\n\n<div class=\"wp-block-buttons is-layout-flex wp-block-buttons-is-layout-flex\">\n<div class=\"wp-block-button\"><a class=\"wp-block-button__link has-luminous-vivid-amber-to-luminous-vivid-orange-gradient-background has-background wp-element-button\" href=\"https:\/\/velafrica.ch\/fr\/comment-nous-aider\/demande-de-transport\/demande-de-transport-partenaire-enregistre\/\">Ordre de transport<\/a><\/div>\n<\/div>\n","protected":false},"excerpt":{"rendered":"<p>Vous avez collect\u00e9 des v\u00e9los pour Velafrica et souhaitez que nous les r\u00e9cup\u00e9rions ? Alors vous \u00eates \u00e0 la bonne [&#8230;]<\/p>\n<p><a class=\"btn btn-secondary understrap-read-more-link\" href=\"https:\/\/velafrica.ch\/fr\/comment-nous-aider\/demande-de-transport\/\">Lire la suite\u2026<span class=\"screen-reader-text\"> from Demande de transport<\/span><\/a><\/p>\n","protected":false},"author":26,"featured_media":5770,"parent":5857,"menu_order":19,"comment_status":"closed","ping_status":"closed","template":"","meta":{"_acf_changed":false,"footnotes":""},"class_list":["post-15845","page","type-page","status-publish","has-post-thumbnail","hentry"],"acf":[],"_links":{"self":[{"href":"https:\/\/velafrica.ch\/fr\/wp-json\/wp\/v2\/pages\/15845","targetHints":{"allow":["GET"]}}],"collection":[{"href":"https:\/\/velafrica.ch\/fr\/wp-json\/wp\/v2\/pages"}],"about":[{"href":"https:\/\/velafrica.ch\/fr\/wp-json\/wp\/v2\/types\/page"}],"author":[{"embeddable":true,"href":"https:\/\/velafrica.ch\/fr\/wp-json\/wp\/v2\/users\/26"}],"replies":[{"embeddable":true,"href":"https:\/\/velafrica.ch\/fr\/wp-json\/wp\/v2\/comments?post=15845"}],"version-history":[{"count":6,"href":"https:\/\/velafrica.ch\/fr\/wp-json\/wp\/v2\/pages\/15845\/revisions"}],"predecessor-version":[{"id":22337,"href":"https:\/\/velafrica.ch\/fr\/wp-json\/wp\/v2\/pages\/15845\/revisions\/22337"}],"up":[{"embeddable":true,"href":"https:\/\/velafrica.ch\/fr\/wp-json\/wp\/v2\/pages\/5857"}],"wp:featuredmedia":[{"embeddable":true,"href":"https:\/\/velafrica.ch\/fr\/wp-json\/wp\/v2\/media\/5770"}],"wp:attachment":[{"href":"https:\/\/velafrica.ch\/fr\/wp-json\/wp\/v2\/media?parent=15845"}],"curies":[{"name":"wp","href":"https:\/\/api.w.org\/{rel}","templated":true}]}}